{"id":514,"date":"2024-09-29T16:33:33","date_gmt":"2024-09-29T13:33:33","guid":{"rendered":"https:\/\/buqnet.com.tr\/?page_id=514"},"modified":"2024-09-29T22:23:18","modified_gmt":"2024-09-29T19:23:18","slug":"vizyon-misyon-ve-degerlerimiz","status":"publish","type":"page","link":"https:\/\/buqnet.com.tr\/?page_id=514","title":{"rendered":"Vizyon Misyon ve De\u011ferlerimiz"},"content":{"rendered":"\n<h3 class=\"wp-block-heading\">Vizyon<\/h3>\n\n\n\n<p>Dijital d\u00f6n\u00fc\u015f\u00fcm teknolojileri ve yeni nesil BT hizmetleri ile payda\u015flar\u0131m\u0131z i\u00e7in s\u00fcrd\u00fcr\u00fclebilir, katma de\u011ferli hizmet ve \u00e7\u00f6z\u00fcmler sunan, lider \u015firket olmak.<\/p>\n\n\n\n<h3 class=\"wp-block-heading\">Misyon<\/h3>\n\n\n\n<p>M\u00fc\u015fterilerimizin ihtiya\u00e7lar\u0131n\u0131 analiz ederek, en uygun teknoloji ve hizmetleri kullan\u0131mlar\u0131na sunmak, kendi i\u015flerine odaklanmalar\u0131n\u0131 sa\u011flayarak, verimliliklerini art\u0131rmak ve t\u00fcm BT s\u00fcre\u00e7lerini onlar ad\u0131na y\u00f6netmek.<\/p>\n\n\n\n<h3 class=\"wp-block-heading\">Yenilik\u00e7ilik<\/h3>\n\n\n\n<p>Kendi alan\u0131m\u0131zdaki g\u00fcncel geli\u015fmeleri s\u00fcrekli izlemeye, bu geli\u015fmelerden bir yandan yararlan\u0131rken di\u011fer yandan yarat\u0131c\u0131 fikirlerimizle ve etkili \u00e7\u00f6z\u00fcmlerimizle bu geli\u015fime y\u00f6n veren bir \u015firket olmaya \u00e7al\u0131\u015f\u0131r\u0131z<\/p>\n\n\n\n<h3 class=\"wp-block-heading\">\u0130nsan Odakl\u0131l\u0131k<\/h3>\n\n\n\n<p>T\u00fcm \u00e7al\u0131\u015fmalar\u0131m\u0131z\u0131n ve hizmetlerimizin en nihayetinde oda\u011f\u0131nda insan oldu\u011funu ve insana temas etti\u011fini daima hat\u0131rlayarak y\u00f6netim politikalar\u0131m\u0131z\u0131 ve i\u015f s\u00fcre\u00e7lerimizi \u00e7al\u0131\u015fanlar\u0131m\u0131z\u0131n, payda\u015flar\u0131m\u0131z\u0131n ve toplumun memnuniyetine katk\u0131 sa\u011flayacak \u015fekilde olu\u015ftururuz.<\/p>\n\n\n\n<h3 class=\"wp-block-heading\">H\u0131z ve Kalite<\/h3>\n\n\n\n<p>De\u011fi\u015fimin en h\u0131zl\u0131 ya\u015fand\u0131\u011f\u0131 alanlardan biri olan BT sekt\u00f6r\u00fcn\u00fcn olu\u015fturdu\u011fu piyasa ko\u015fullar\u0131nda rekabet avantaj\u0131 elde edebilmenin kaliteden \u00f6d\u00fcn vermeden i\u015flerimizi zaman\u0131nda ve do\u011fru \u015fekilde planlamay\u0131, h\u0131zl\u0131 bir \u015fekilde sonu\u00e7land\u0131rmay\u0131 gerektirdi\u011fini g\u00f6z \u00f6n\u00fcne al\u0131r\u0131z.<\/p>\n\n\n\n<h3 class=\"wp-block-heading\">G\u00fcvenirlilik<\/h3>\n\n\n\n<p>G\u00fcvenilir olman\u0131n payda\u015flar\u0131m\u0131zla, birbirimizle ili\u015fkilerimizin ve eylemlerimizin temelini olu\u015fturdu\u011funu biliriz. Taahh\u00fctlerimize ba\u011fl\u0131l\u0131k, do\u011fruluk d\u00fcr\u00fcstl\u00fck, sadakat, profesyonellik, \u015feffafl\u0131k, yasalara ve etik ilkelere ba\u011fl\u0131l\u0131k kavramlar\u0131n\u0131n bu de\u011ferimizi olu\u015fturan temel yap\u0131 ta\u015flar\u0131 oldu\u011funu kabul eder, bu bilin\u00e7le hareket ederiz.<\/p>\n\n\n\n<h3 class=\"wp-block-heading\">Etkili \u0130\u015f Birli\u011fi<\/h3>\n\n\n\n<p>\u00d6ncelikle her birimiz kendimizi Buqnet Ailesi\u2019nin ve Buqnet Tak\u0131m\u0131\u2019n\u0131n ba\u011fl\u0131 bir \u00fcyesi olarak g\u00f6r\u00fcr, ki\u015fisel ba\u015far\u0131m\u0131z\u0131n, tak\u0131m\u0131m\u0131z\u0131n ba\u015far\u0131s\u0131ndan ge\u00e7ti\u011fini bilerek hareket ederiz.<\/p>\n\n\n\n<h3 class=\"wp-block-heading\">Sorumluluk<\/h3>\n\n\n\n<p>Ya\u015fanabilir bir d\u00fcnya, s\u00fcrd\u00fcr\u00fclebilir bir \u00e7evre ve mutlu bireylerden olu\u015fan bir toplum i\u00e7in sorumluluk \u00fcstlenmemiz gerekti\u011fini kabul eder ve bunu temel bir \u00f6dev olarak g\u00f6r\u00fcr\u00fcz.<\/p>\n","protected":false},"excerpt":{"rendered":"<p>Vizyon Dijital d\u00f6n\u00fc\u015f\u00fcm teknolojileri ve yeni nesil BT hizmetleri ile payda\u015flar\u0131m\u0131z i\u00e7in s\u00fcrd\u00fcr\u00fclebilir, katma de\u011ferli hizmet ve \u00e7\u00f6z\u00fcmler sunan, lider \u015firket olmak. Misyon M\u00fc\u015fterilerimizin ihtiya\u00e7lar\u0131n\u0131 analiz ederek, en uygun teknoloji ve hizmetleri kullan\u0131mlar\u0131na sunmak, kendi i\u015flerine odaklanmalar\u0131n\u0131 sa\u011flayarak, verimliliklerini art\u0131rmak ve t\u00fcm BT s\u00fcre\u00e7lerini onlar ad\u0131na y\u00f6netmek. Yenilik\u00e7ilik Kendi alan\u0131m\u0131zdaki g\u00fcncel geli\u015fmeleri s\u00fcrekli izlemeye, bu [&hellip;]<\/p>\n","protected":false},"author":1,"featured_media":0,"parent":0,"menu_order":0,"comment_status":"closed","ping_status":"closed","template":"","meta":{"footnotes":""},"class_list":["post-514","page","type-page","status-publish","hentry"],"yoast_head":"<!-- This site is optimized with the Yoast SEO plugin v27.5 - https:\/\/yoast.com\/product\/yoast-seo-wordpress\/ -->\n<title>Vizyon Misyon ve De\u011ferlerimiz - 7\/24 Buqnet Bilgisayar Yaz\u0131l\u0131m ve Donan\u0131m Hizmetleri<\/title>\n<meta name=\"description\" content=\"IT Dan\u0131\u015fmanl\u0131k Hizmetleri, Bilgisayar Dan\u0131\u015fmanl\u0131k, Bak\u0131m Anla\u015fmas\u0131, Bili\u015fim Dan\u0131\u015fmanl\u0131k Hizmetleri, Bilgisayar Servisi, Server Hizmeti\" \/>\n<meta name=\"robots\" content=\"index, follow, max-snippet:-1, max-image-preview:large, max-video-preview:-1\" \/>\n<link rel=\"canonical\" href=\"https:\/\/buqnet.com.tr\/?page_id=514\" \/>\n<meta property=\"og:locale\" content=\"tr_TR\" \/>\n<meta property=\"og:type\" content=\"article\" \/>\n<meta property=\"og:title\" content=\"Vizyon Misyon ve De\u011ferlerimiz - 7\/24 Buqnet Bilgisayar Yaz\u0131l\u0131m ve Donan\u0131m Hizmetleri\" \/>\n<meta property=\"og:description\" content=\"IT Dan\u0131\u015fmanl\u0131k Hizmetleri, Bilgisayar Dan\u0131\u015fmanl\u0131k, Bak\u0131m Anla\u015fmas\u0131, Bili\u015fim Dan\u0131\u015fmanl\u0131k Hizmetleri, Bilgisayar Servisi, Server Hizmeti\" \/>\n<meta property=\"og:url\" content=\"https:\/\/buqnet.com.tr\/?page_id=514\" \/>\n<meta property=\"og:site_name\" content=\"7\/24 Buqnet Bilgisayar Yaz\u0131l\u0131m ve Donan\u0131m Hizmetleri\" \/>\n<meta property=\"article:modified_time\" content=\"2024-09-29T19:23:18+00:00\" \/>\n<meta name=\"twitter:card\" content=\"summary_large_image\" \/>\n<meta name=\"twitter:label1\" content=\"Tahmini okuma s\u00fcresi\" \/>\n\t<meta name=\"twitter:data1\" content=\"2 dakika\" \/>\n<script type=\"application\/ld+json\" class=\"yoast-schema-graph\">{\"@context\":\"https:\\\/\\\/schema.org\",\"@graph\":[{\"@type\":\"WebPage\",\"@id\":\"https:\\\/\\\/buqnet.com.tr\\\/?page_id=514\",\"url\":\"https:\\\/\\\/buqnet.com.tr\\\/?page_id=514\",\"name\":\"Vizyon Misyon ve De\u011ferlerimiz - 7\\\/24 Buqnet Bilgisayar Yaz\u0131l\u0131m ve Donan\u0131m Hizmetleri\",\"isPartOf\":{\"@id\":\"http:\\\/\\\/buqnet.com.tr\\\/#website\"},\"datePublished\":\"2024-09-29T13:33:33+00:00\",\"dateModified\":\"2024-09-29T19:23:18+00:00\",\"description\":\"IT Dan\u0131\u015fmanl\u0131k Hizmetleri, Bilgisayar Dan\u0131\u015fmanl\u0131k, Bak\u0131m Anla\u015fmas\u0131, Bili\u015fim Dan\u0131\u015fmanl\u0131k Hizmetleri, Bilgisayar Servisi, Server Hizmeti\",\"breadcrumb\":{\"@id\":\"https:\\\/\\\/buqnet.com.tr\\\/?page_id=514#breadcrumb\"},\"inLanguage\":\"tr\",\"potentialAction\":[{\"@type\":\"ReadAction\",\"target\":[\"https:\\\/\\\/buqnet.com.tr\\\/?page_id=514\"]}]},{\"@type\":\"BreadcrumbList\",\"@id\":\"https:\\\/\\\/buqnet.com.tr\\\/?page_id=514#breadcrumb\",\"itemListElement\":[{\"@type\":\"ListItem\",\"position\":1,\"name\":\"Anasayfa\",\"item\":\"http:\\\/\\\/buqnet.com.tr\\\/\"},{\"@type\":\"ListItem\",\"position\":2,\"name\":\"Vizyon Misyon ve De\u011ferlerimiz\"}]},{\"@type\":\"WebSite\",\"@id\":\"http:\\\/\\\/buqnet.com.tr\\\/#website\",\"url\":\"http:\\\/\\\/buqnet.com.tr\\\/\",\"name\":\"Buqnet Bilgisayar Sistem Teknolojileri\",\"description\":\"IT Dan\u0131\u015fmanl\u0131k Hizmetleri, Bilgisayar Dan\u0131\u015fmanl\u0131k, Bak\u0131m Anla\u015fmas\u0131, Bili\u015fim Dan\u0131\u015fmanl\u0131k Hizmetleri, Bilgisayar Servisi, Server Hizmeti\",\"potentialAction\":[{\"@type\":\"SearchAction\",\"target\":{\"@type\":\"EntryPoint\",\"urlTemplate\":\"http:\\\/\\\/buqnet.com.tr\\\/?s={search_term_string}\"},\"query-input\":{\"@type\":\"PropertyValueSpecification\",\"valueRequired\":true,\"valueName\":\"search_term_string\"}}],\"inLanguage\":\"tr\"}]}<\/script>\n<!-- \/ Yoast SEO plugin. -->","yoast_head_json":{"title":"Vizyon Misyon ve De\u011ferlerimiz - 7\/24 Buqnet Bilgisayar Yaz\u0131l\u0131m ve Donan\u0131m Hizmetleri","description":"IT Dan\u0131\u015fmanl\u0131k Hizmetleri, Bilgisayar Dan\u0131\u015fmanl\u0131k, Bak\u0131m Anla\u015fmas\u0131, Bili\u015fim Dan\u0131\u015fmanl\u0131k Hizmetleri, Bilgisayar Servisi, Server Hizmeti","robots":{"index":"index","follow":"follow","max-snippet":"max-snippet:-1","max-image-preview":"max-image-preview:large","max-video-preview":"max-video-preview:-1"},"canonical":"https:\/\/buqnet.com.tr\/?page_id=514","og_locale":"tr_TR","og_type":"article","og_title":"Vizyon Misyon ve De\u011ferlerimiz - 7\/24 Buqnet Bilgisayar Yaz\u0131l\u0131m ve Donan\u0131m Hizmetleri","og_description":"IT Dan\u0131\u015fmanl\u0131k Hizmetleri, Bilgisayar Dan\u0131\u015fmanl\u0131k, Bak\u0131m Anla\u015fmas\u0131, Bili\u015fim Dan\u0131\u015fmanl\u0131k Hizmetleri, Bilgisayar Servisi, Server Hizmeti","og_url":"https:\/\/buqnet.com.tr\/?page_id=514","og_site_name":"7\/24 Buqnet Bilgisayar Yaz\u0131l\u0131m ve Donan\u0131m Hizmetleri","article_modified_time":"2024-09-29T19:23:18+00:00","twitter_card":"summary_large_image","twitter_misc":{"Tahmini okuma s\u00fcresi":"2 dakika"},"schema":{"@context":"https:\/\/schema.org","@graph":[{"@type":"WebPage","@id":"https:\/\/buqnet.com.tr\/?page_id=514","url":"https:\/\/buqnet.com.tr\/?page_id=514","name":"Vizyon Misyon ve De\u011ferlerimiz - 7\/24 Buqnet Bilgisayar Yaz\u0131l\u0131m ve Donan\u0131m Hizmetleri","isPartOf":{"@id":"http:\/\/buqnet.com.tr\/#website"},"datePublished":"2024-09-29T13:33:33+00:00","dateModified":"2024-09-29T19:23:18+00:00","description":"IT Dan\u0131\u015fmanl\u0131k Hizmetleri, Bilgisayar Dan\u0131\u015fmanl\u0131k, Bak\u0131m Anla\u015fmas\u0131, Bili\u015fim Dan\u0131\u015fmanl\u0131k Hizmetleri, Bilgisayar Servisi, Server Hizmeti","breadcrumb":{"@id":"https:\/\/buqnet.com.tr\/?page_id=514#breadcrumb"},"inLanguage":"tr","potentialAction":[{"@type":"ReadAction","target":["https:\/\/buqnet.com.tr\/?page_id=514"]}]},{"@type":"BreadcrumbList","@id":"https:\/\/buqnet.com.tr\/?page_id=514#breadcrumb","itemListElement":[{"@type":"ListItem","position":1,"name":"Anasayfa","item":"http:\/\/buqnet.com.tr\/"},{"@type":"ListItem","position":2,"name":"Vizyon Misyon ve De\u011ferlerimiz"}]},{"@type":"WebSite","@id":"http:\/\/buqnet.com.tr\/#website","url":"http:\/\/buqnet.com.tr\/","name":"Buqnet Bilgisayar Sistem Teknolojileri","description":"IT Dan\u0131\u015fmanl\u0131k Hizmetleri, Bilgisayar Dan\u0131\u015fmanl\u0131k, Bak\u0131m Anla\u015fmas\u0131, Bili\u015fim Dan\u0131\u015fmanl\u0131k Hizmetleri, Bilgisayar Servisi, Server Hizmeti","potentialAction":[{"@type":"SearchAction","target":{"@type":"EntryPoint","urlTemplate":"http:\/\/buqnet.com.tr\/?s={search_term_string}"},"query-input":{"@type":"PropertyValueSpecification","valueRequired":true,"valueName":"search_term_string"}}],"inLanguage":"tr"}]}},"_links":{"self":[{"href":"https:\/\/buqnet.com.tr\/index.php?rest_route=\/wp\/v2\/pages\/514","targetHints":{"allow":["GET"]}}],"collection":[{"href":"https:\/\/buqnet.com.tr\/index.php?rest_route=\/wp\/v2\/pages"}],"about":[{"href":"https:\/\/buqnet.com.tr\/index.php?rest_route=\/wp\/v2\/types\/page"}],"author":[{"embeddable":true,"href":"https:\/\/buqnet.com.tr\/index.php?rest_route=\/wp\/v2\/users\/1"}],"replies":[{"embeddable":true,"href":"https:\/\/buqnet.com.tr\/index.php?rest_route=%2Fwp%2Fv2%2Fcomments&post=514"}],"version-history":[{"count":3,"href":"https:\/\/buqnet.com.tr\/index.php?rest_route=\/wp\/v2\/pages\/514\/revisions"}],"predecessor-version":[{"id":753,"href":"https:\/\/buqnet.com.tr\/index.php?rest_route=\/wp\/v2\/pages\/514\/revisions\/753"}],"wp:attachment":[{"href":"https:\/\/buqnet.com.tr\/index.php?rest_route=%2Fwp%2Fv2%2Fmedia&parent=514"}],"curies":[{"name":"wp","href":"https:\/\/api.w.org\/{rel}","templated":true}]}}