{"id":556,"date":"2024-09-29T16:41:24","date_gmt":"2024-09-29T13:41:24","guid":{"rendered":"https:\/\/buqnet.com.tr\/?page_id=556"},"modified":"2024-10-02T18:39:07","modified_gmt":"2024-10-02T15:39:07","slug":"bulut-bilisim","status":"publish","type":"page","link":"https:\/\/buqnet.com.tr\/?page_id=556","title":{"rendered":"Bulut Bili\u015fim"},"content":{"rendered":"\n<figure class=\"wp-block-gallery has-nested-images columns-default is-cropped wp-block-gallery-1 is-layout-flex wp-block-gallery-is-layout-flex\">\n<figure class=\"wp-block-image size-large\"><img loading=\"lazy\" decoding=\"async\" width=\"1024\" height=\"284\" data-id=\"802\" src=\"https:\/\/buqnet.com.tr\/wp-content\/uploads\/2024\/09\/Bulut-Bilisim-1-1024x284.jpg\" alt=\"\" class=\"wp-image-802\" srcset=\"https:\/\/buqnet.com.tr\/wp-content\/uploads\/2024\/09\/Bulut-Bilisim-1-1024x284.jpg 1024w, https:\/\/buqnet.com.tr\/wp-content\/uploads\/2024\/09\/Bulut-Bilisim-1-300x83.jpg 300w, https:\/\/buqnet.com.tr\/wp-content\/uploads\/2024\/09\/Bulut-Bilisim-1-768x213.jpg 768w, https:\/\/buqnet.com.tr\/wp-content\/uploads\/2024\/09\/Bulut-Bilisim-1-1536x427.jpg 1536w, https:\/\/buqnet.com.tr\/wp-content\/uploads\/2024\/09\/Bulut-Bilisim-1.jpg 1800w\" sizes=\"auto, (max-width: 1024px) 100vw, 1024px\" \/><\/figure>\n<\/figure>\n\n\n\n<p>Basit olarak&nbsp;<em><strong>bulut bili\u015fim<\/strong><\/em>; sunucu, depolama,&nbsp;<em><strong>a\u011f bile\u015fenleri<\/strong><\/em>, yaz\u0131l\u0131m gibi bile\u015fenlerin&nbsp;<em><strong>internet<\/strong><\/em>&nbsp;\u00fczerinden sa\u011flanmas\u0131 demektir. Bu servisleri sunan firmalara da bulut sa\u011flay\u0131c\u0131lar denmektedir. Bulut servislerinin en \u00f6nemli \u00f6zellikleri; gereksinimlerinize g\u00f6re kulland\u0131\u011f\u0131n\u0131z kaynaklar\u0131n kolayca azalt\u0131l\u0131p \u00e7o\u011falt\u0131labilmesi, sadece kulland\u0131\u011f\u0131n\u0131z hizmetler i\u00e7in, kulland\u0131\u011f\u0131n\u0131z zaman \u00fccret al\u0131nmas\u0131 ve t\u00fcm bu i\u015flemleri kendinizin ayarlayabiliyor olmas\u0131d\u0131r.&nbsp;&nbsp;\u0130lk ba\u015flarda sunucu, depolama ve a\u011f bile\u015fenlerinin sa\u011flanmas\u0131 ile ba\u015flayan bulut bili\u015fim g\u00fcn\u00fcm\u00fczde veri tabanlar\u0131, g\u00fcvenlik \u00e7\u00f6z\u00fcmleri, b\u00fcy\u00fck veri ve analiz, Iot gibi bir\u00e7ok alanda sa\u011flanmaktad\u0131r.&nbsp;Bir firma i\u00e7in b\u00fct\u00fcn bu yap\u0131land\u0131rmaya ilk sahip olma maliyeti pahal\u0131 oldu\u011fu kadar, bu sistemleri y\u00f6netmek, ayakta tutmak i\u00e7in gereken maliyetler de y\u00fcksektir. Bulut bili\u015fim gerekti\u011fi kadar kayna\u011f\u0131 gerekti\u011fi zamanda kullanman\u0131za ve kulland\u0131\u011f\u0131n\u0131z kadar\u0131n\u0131n bedelini \u00f6demenize olanak sa\u011flad\u0131\u011f\u0131 i\u00e7in toplam maliyetinizi azaltmakta, fiziksel&nbsp;<em><strong>g\u00fcvenlik<\/strong><\/em>, enerji gibi gereksinimleri sizin d\u00fc\u015f\u00fcnmenize gerek olmadan \u00e7\u00f6zmektedir.<\/p>\n\n\n\n<h4 class=\"wp-block-heading\"><strong>Public (Genel)<\/strong><\/h4>\n\n\n\n<p>Herkes taraf\u0131ndan kullan\u0131labilen, size ait kaynaklar\u0131n bulut altyap\u0131 sa\u011flay\u0131c\u0131n\u0131n bulundu\u011fu ortamda herkes ile ortak tutuldu\u011fu, kaynaklar\u0131n\u0131z\u0131 y\u00f6netebildi\u011finiz ve SLA \u00e7er\u00e7evesinde hizmet garantisi sa\u011flanabilen ortamd\u0131r.<\/p>\n\n\n\n<h4 class=\"wp-block-heading\"><strong>Private (\u00d6zel)<\/strong><\/h4>\n\n\n\n<p>Firma \/ kuruma \u00f6zel tahsis edilmi\u015f&nbsp;<em><strong>bulut<\/strong>&nbsp;<\/em>servisidir. Bu hizmet t\u00fcr\u00fcnde bulut ortam\u0131 fiziksel ve yaz\u0131l\u0131m tabanl\u0131 olarak firma \/ kuruma \u00f6zel \u00e7al\u0131\u015fmaktad\u0131r. \u00d6zel bulut genellikle firman\u0131z\u0131n kendi fiziksel yerle\u015fiminde kurulmaktad\u0131r.<\/p>\n\n\n\n<h4 class=\"wp-block-heading\"><strong>Hybrid (Hibrit)<\/strong><\/h4>\n\n\n\n<p>Hem firma \/ kuruma \u00f6zel tahsis edilmi\u015f bulut ortam\u0131 bulunan hem dePublic (Genel) bulut ortam\u0131 hizmeti al\u0131nanayap\u0131d\u0131r. Basit\u00e7e, muhasebe sunucunuz mevcut konumunda \u00e7al\u0131\u015fmakta, e-posta ve yedekleme servislerini hizmet sa\u011flay\u0131c\u0131dan ald\u0131\u011f\u0131n\u0131z yap\u0131 bu t\u00fcr yap\u0131ya \u00f6rnek te\u015fkil eder<\/p>\n\n\n\n<p>Bulut bili\u015fim, internet \u00fczerinden \u00e7e\u015fitli bili\u015fim kaynaklar\u0131n\u0131n (sunucular, depolama alanlar\u0131, veritabanlar\u0131, a\u011f bile\u015fenleri, yaz\u0131l\u0131m uygulamalar\u0131) sa\u011flanmas\u0131 anlam\u0131na gelir. Geleneksel olarak fiziksel veri merkezlerinde bulunan altyap\u0131 ve uygulamalar\u0131n, bulut hizmet sa\u011flay\u0131c\u0131lar\u0131 taraf\u0131ndan y\u00f6netilen veri merkezleri arac\u0131l\u0131\u011f\u0131yla sunulmas\u0131yla, i\u015fletmeler ve bireyler istedikleri zaman, ihtiya\u00e7 duyduklar\u0131 kaynaklara eri\u015febilirler.<\/p>\n\n\n\n<h3 class=\"wp-block-heading\">Bulut Bili\u015fim T\u00fcrleri<\/h3>\n\n\n\n<ol class=\"wp-block-list\">\n<li><strong>Hizmet Modellerine G\u00f6re<\/strong>:\n<ul class=\"wp-block-list\">\n<li><strong>Altyap\u0131 Hizmeti (IaaS &#8211; Infrastructure as a Service)<\/strong>: Sunucular, depolama birimleri, a\u011f yap\u0131lar\u0131 gibi altyap\u0131 kaynaklar\u0131n\u0131 sanal ortamda kiralaman\u0131z\u0131 sa\u011flar. Kullan\u0131c\u0131lar, sanal makineleri y\u00f6netir ve ihtiyaca g\u00f6re yap\u0131land\u0131r\u0131r. \u00d6rnekler: Amazon Web Services (AWS), Microsoft Azure, Google Cloud Platform (GCP).<\/li>\n\n\n\n<li><strong>Platform Hizmeti (PaaS &#8211; Platform as a Service)<\/strong>: Uygulama geli\u015ftirmek i\u00e7in gerekli platformu sa\u011flar. Geli\u015ftiriciler, alt yap\u0131 ve i\u015fletim sistemi ayarlar\u0131yla u\u011fra\u015fmadan do\u011frudan uygulama geli\u015ftirmeye odaklan\u0131r. \u00d6rnekler: Heroku, Google App Engine.<\/li>\n\n\n\n<li><strong>Yaz\u0131l\u0131m Hizmeti (SaaS &#8211; Software as a Service)<\/strong>: \u0130nternet \u00fczerinden eri\u015filebilen ve bulut tabanl\u0131 uygulamalar\u0131n kullan\u0131m\u0131na olanak tan\u0131r. Kullan\u0131c\u0131lar herhangi bir yaz\u0131l\u0131m y\u00fcklemesi veya y\u00f6netimi yapmaz. \u00d6rnekler: Google Workspace, Microsoft 365, Dropbox.<\/li>\n<\/ul>\n<\/li>\n\n\n\n<li><strong>Da\u011f\u0131t\u0131m Modellerine G\u00f6re<\/strong>:\n<ul class=\"wp-block-list\">\n<li><strong>\u00d6zel Bulut (Private Cloud)<\/strong>: Yaln\u0131zca belirli bir i\u015fletmeye veya kurulu\u015fa ayr\u0131lm\u0131\u015f bulut altyap\u0131s\u0131d\u0131r. Genellikle daha y\u00fcksek d\u00fczeyde g\u00fcvenlik ve kontrol sa\u011flan\u0131r. B\u00fcy\u00fck organizasyonlar, hassas veriler i\u00e7in genellikle \u00f6zel bulut kullan\u0131r.<\/li>\n\n\n\n<li><strong>Genel Bulut (Public Cloud)<\/strong>: Bulut sa\u011flay\u0131c\u0131lar\u0131n\u0131n herkese a\u00e7\u0131k olarak sundu\u011fu hizmetlerdir. Maliyet a\u00e7\u0131s\u0131ndan daha uygun ve h\u0131zl\u0131 \u00f6l\u00e7eklenebilir \u00e7\u00f6z\u00fcmler sunar. \u00d6rnekler: AWS, Microsoft Azure, Google Cloud.<\/li>\n\n\n\n<li><strong>Hibrit Bulut (Hybrid Cloud)<\/strong>: Hem \u00f6zel hem de genel bulut hizmetlerinin birle\u015ftirilmesidir. Kritik veriler \u00f6zel bulutta saklan\u0131rken, daha az hassas veriler genel bulutta bar\u0131nd\u0131r\u0131labilir.<\/li>\n<\/ul>\n<\/li>\n\n\n\n<li><strong>Topluluk Bulutu (Community Cloud)<\/strong>: Ortak g\u00fcvenlik, gizlilik ve uyum gereksinimlerine sahip birden fazla organizasyonun payla\u015ft\u0131\u011f\u0131 bir bulut altyap\u0131s\u0131d\u0131r.<\/li>\n<\/ol>\n\n\n\n<h3 class=\"wp-block-heading\">Bulut Bili\u015fimin Avantajlar\u0131<\/h3>\n\n\n\n<ol class=\"wp-block-list\">\n<li><strong>Esneklik ve \u00d6l\u00e7eklenebilirlik<\/strong>:\n<ul class=\"wp-block-list\">\n<li>\u0130htiyaca g\u00f6re kaynaklar\u0131 art\u0131r\u0131p azaltabilme olana\u011f\u0131 sunar. \u00d6zellikle d\u00f6nemsel olarak de\u011fi\u015fen i\u015f y\u00fcklerinde bu \u00f6zellik \u00e7ok faydal\u0131d\u0131r.<\/li>\n<\/ul>\n<\/li>\n\n\n\n<li><strong>Maliyet Verimlili\u011fi<\/strong>:\n<ul class=\"wp-block-list\">\n<li>Fiziksel sunucular, veri depolama ve altyap\u0131 yat\u0131r\u0131mlar\u0131 yapmaya gerek kalmadan sadece kullan\u0131lan kaynak kadar \u00f6deme yap\u0131l\u0131r. Ba\u015flang\u0131\u00e7 maliyetleri d\u00fc\u015f\u00fck ve s\u00fcrd\u00fcr\u00fclebilir maliyet y\u00f6netimi sa\u011flar.<\/li>\n<\/ul>\n<\/li>\n\n\n\n<li><strong>Yedekleme ve Felaket Kurtarma<\/strong>:\n<ul class=\"wp-block-list\">\n<li>Bulut hizmet sa\u011flay\u0131c\u0131lar\u0131, veri yedekleme, kurtarma ve i\u015f s\u00fcreklili\u011fi i\u00e7in g\u00fc\u00e7l\u00fc \u00e7\u00f6z\u00fcmler sunar. Veri kay\u0131plar\u0131na kar\u015f\u0131 y\u00fcksek g\u00fcvenlik sa\u011flar.<\/li>\n<\/ul>\n<\/li>\n\n\n\n<li><strong>Eri\u015filebilirlik<\/strong>:\n<ul class=\"wp-block-list\">\n<li>\u0130nternet ba\u011flant\u0131s\u0131 olan her yerden bulut hizmetlerine eri\u015filebilir. Bu, uzaktan \u00e7al\u0131\u015fma ve mobil cihazlar \u00fczerinden i\u015f yapma olana\u011f\u0131n\u0131 art\u0131r\u0131r.<\/li>\n<\/ul>\n<\/li>\n\n\n\n<li><strong>G\u00fcncellemeler ve Bak\u0131m<\/strong>:\n<ul class=\"wp-block-list\">\n<li>Bulut sa\u011flay\u0131c\u0131lar\u0131, altyap\u0131 ve yaz\u0131l\u0131mlar\u0131n bak\u0131m\u0131n\u0131 ve g\u00fcncellemelerini kullan\u0131c\u0131lar ad\u0131na yapar, b\u00f6ylece i\u015fletmelerin bu t\u00fcr teknik detaylarla ilgilenmesine gerek kalmaz.<\/li>\n<\/ul>\n<\/li>\n\n\n\n<li><strong>G\u00fcvenlik<\/strong>:\n<ul class=\"wp-block-list\">\n<li>Bulut sa\u011flay\u0131c\u0131lar\u0131 genellikle g\u00fc\u00e7l\u00fc g\u00fcvenlik \u00f6nlemleri (\u015fifreleme, kimlik do\u011frulama, izleme vb.) sunar. Ancak g\u00fcvenlik sorumlulu\u011fu genellikle kullan\u0131c\u0131lar ve bulut sa\u011flay\u0131c\u0131lar\u0131 aras\u0131nda payla\u015f\u0131l\u0131r (shared responsibility model).<\/li>\n<\/ul>\n<\/li>\n<\/ol>\n\n\n\n<h3 class=\"wp-block-heading\">Bulut Bili\u015fimin Dezavantajlar\u0131<\/h3>\n\n\n\n<ol class=\"wp-block-list\">\n<li><strong>Ba\u011f\u0131ml\u0131l\u0131k (Vendor Lock-In)<\/strong>:\n<ul class=\"wp-block-list\">\n<li>Bulut hizmet sa\u011flay\u0131c\u0131s\u0131na ba\u011f\u0131ml\u0131 kalmak ve ba\u015fka bir sa\u011flay\u0131c\u0131ya ge\u00e7i\u015fin zor ve maliyetli olabilmesi.<\/li>\n<\/ul>\n<\/li>\n\n\n\n<li><strong>Veri Gizlili\u011fi ve G\u00fcvenli\u011fi<\/strong>:\n<ul class=\"wp-block-list\">\n<li>Verilerin \u00fc\u00e7\u00fcnc\u00fc taraf bir sa\u011flay\u0131c\u0131da tutulmas\u0131, baz\u0131 sekt\u00f6rlerde reg\u00fclasyonlara ve gizlilik politikalar\u0131na uyum a\u00e7\u0131s\u0131ndan sorun yaratabilir. \u00d6rne\u011fin, ki\u015fisel verilerin korunmas\u0131 yasalar\u0131 (GDPR) gibi.<\/li>\n<\/ul>\n<\/li>\n\n\n\n<li><strong>Ba\u011flant\u0131 Sorunlar\u0131<\/strong>:\n<ul class=\"wp-block-list\">\n<li>Bulut hizmetlerine eri\u015fim, internet ba\u011flant\u0131s\u0131na ba\u011fl\u0131d\u0131r. Kesintiler veya d\u00fc\u015f\u00fck h\u0131zlarda hizmete eri\u015fimde aksakl\u0131klar ya\u015fanabilir.<\/li>\n<\/ul>\n<\/li>\n\n\n\n<li><strong>Maliyet Kontrol\u00fc<\/strong>:\n<ul class=\"wp-block-list\">\n<li>\u00d6zellikle b\u00fcy\u00fck \u00f6l\u00e7ekli kullan\u0131mda, kaynak t\u00fcketimi izlenmedi\u011finde maliyetler h\u0131zla artabilir.<\/li>\n<\/ul>\n<\/li>\n<\/ol>\n\n\n\n<h3 class=\"wp-block-heading\">Bulut Bili\u015fim G\u00fcvenli\u011fi<\/h3>\n\n\n\n<p>Bulut bili\u015fimde g\u00fcvenlik b\u00fcy\u00fck bir \u00f6nceliktir ve hem hizmet sa\u011flay\u0131c\u0131n\u0131n hem de kullan\u0131c\u0131n\u0131n sorumluluklar\u0131 vard\u0131r. G\u00fcvenlik \u00f6nlemleri \u015fu unsurlar\u0131 i\u00e7erebilir:<\/p>\n\n\n\n<ul class=\"wp-block-list\">\n<li><strong>Veri \u015eifreleme<\/strong>: Hem veri aktar\u0131m\u0131 s\u0131ras\u0131nda hem de depolama esnas\u0131nda \u015fifreleme yap\u0131lmal\u0131d\u0131r.<\/li>\n\n\n\n<li><strong>Kimlik ve Eri\u015fim Y\u00f6netimi (IAM)<\/strong>: Bulutta eri\u015fim haklar\u0131n\u0131n do\u011fru y\u00f6netilmesi, kritik sistemlere sadece yetkili ki\u015filerin eri\u015febilmesini sa\u011flar.<\/li>\n\n\n\n<li><strong>\u0130zleme ve Denetim<\/strong>: Bulut \u00fczerindeki faaliyetlerin izlenmesi, ola\u011fand\u0131\u015f\u0131 hareketlerin tespit edilmesi i\u00e7in \u00f6nemlidir.<\/li>\n\n\n\n<li><strong>D\u00fczenli Yedekleme<\/strong>: Verilerin kayb\u0131na kar\u015f\u0131 d\u00fczenli yedeklemeler yap\u0131lmal\u0131 ve bu yedeklerin farkl\u0131 lokasyonlarda tutulmas\u0131 sa\u011flanmal\u0131d\u0131r.<\/li>\n<\/ul>\n\n\n\n<h3 class=\"wp-block-heading\">Bulut Bili\u015fimin Gelece\u011fi<\/h3>\n\n\n\n<p>Bulut bili\u015fim teknolojileri h\u0131zla geli\u015fmeye devam ediyor ve <strong>yapay zeka (AI), makine \u00f6\u011frenimi (ML)<\/strong> ve <strong>nesnelerin interneti (IoT)<\/strong> gibi yeni teknolojilerle entegrasyonu, bulutun potansiyelini art\u0131r\u0131yor. \u00d6zellikle <strong>\u00e7oklu bulut<\/strong> (multi-cloud) stratejileri, i\u015fletmelerin birden fazla bulut sa\u011flay\u0131c\u0131s\u0131n\u0131 kullanarak daha fazla esneklik ve g\u00fcvenlik elde etmelerini sa\u011fl\u0131yor. <strong>Serverless<\/strong> (sunucusuz) mimariler de, uygulama geli\u015ftiricilerin altyap\u0131 y\u00f6netimi ile u\u011fra\u015fmadan kodlar\u0131n\u0131 do\u011frudan bulutta \u00e7al\u0131\u015ft\u0131rmalar\u0131na olanak tan\u0131yor.<\/p>\n\n\n\n<p>Bulut bili\u015fim, i\u015fletmelerin h\u0131zla de\u011fi\u015fen teknoloji ortam\u0131nda esnek, \u00f6l\u00e7eklenebilir ve maliyet verimli bir \u00e7\u00f6z\u00fcm sunarak dijital d\u00f6n\u00fc\u015f\u00fcm s\u00fcre\u00e7lerine b\u00fcy\u00fck katk\u0131 sa\u011flamaktad\u0131r.<\/p>\n","protected":false},"excerpt":{"rendered":"<p>Basit olarak&nbsp;bulut bili\u015fim; sunucu, depolama,&nbsp;a\u011f bile\u015fenleri, yaz\u0131l\u0131m gibi bile\u015fenlerin&nbsp;internet&nbsp;\u00fczerinden sa\u011flanmas\u0131 demektir. Bu servisleri sunan firmalara da bulut sa\u011flay\u0131c\u0131lar denmektedir. Bulut servislerinin en \u00f6nemli \u00f6zellikleri; gereksinimlerinize g\u00f6re kulland\u0131\u011f\u0131n\u0131z kaynaklar\u0131n kolayca azalt\u0131l\u0131p \u00e7o\u011falt\u0131labilmesi, sadece kulland\u0131\u011f\u0131n\u0131z hizmetler i\u00e7in, kulland\u0131\u011f\u0131n\u0131z zaman \u00fccret al\u0131nmas\u0131 ve t\u00fcm bu i\u015flemleri kendinizin ayarlayabiliyor olmas\u0131d\u0131r.&nbsp;&nbsp;\u0130lk ba\u015flarda sunucu, depolama ve a\u011f bile\u015fenlerinin sa\u011flanmas\u0131 ile ba\u015flayan [&hellip;]<\/p>\n","protected":false},"author":1,"featured_media":0,"parent":0,"menu_order":0,"comment_status":"closed","ping_status":"closed","template":"","meta":{"footnotes":""},"class_list":["post-556","page","type-page","status-publish","hentry"],"yoast_head":"<!-- This site is optimized with the Yoast SEO plugin v27.5 - https:\/\/yoast.com\/product\/yoast-seo-wordpress\/ -->\n<title>Bulut Bili\u015fim - 7\/24 Buqnet Bilgisayar Yaz\u0131l\u0131m ve Donan\u0131m Hizmetleri<\/title>\n<meta name=\"description\" content=\"IT Destek Hizmetleri, Bilgisayar Dan\u0131\u015fmanl\u0131k, Kurumsal Bak\u0131m Anla\u015fmas\u0131, Bili\u015fim Dan\u0131\u015fmanl\u0131k Hizmetleri, Bilgisayar Servisi, Server Hizmet\" \/>\n<meta name=\"robots\" content=\"index, follow, max-snippet:-1, max-image-preview:large, max-video-preview:-1\" \/>\n<link rel=\"canonical\" href=\"https:\/\/buqnet.com.tr\/?page_id=556\" \/>\n<meta property=\"og:locale\" content=\"tr_TR\" \/>\n<meta property=\"og:type\" content=\"article\" \/>\n<meta property=\"og:title\" content=\"Bulut Bili\u015fim - 7\/24 Buqnet Bilgisayar Yaz\u0131l\u0131m ve Donan\u0131m Hizmetleri\" \/>\n<meta property=\"og:description\" content=\"IT Destek Hizmetleri, Bilgisayar Dan\u0131\u015fmanl\u0131k, Kurumsal Bak\u0131m Anla\u015fmas\u0131, Bili\u015fim Dan\u0131\u015fmanl\u0131k Hizmetleri, Bilgisayar Servisi, Server Hizmet\" \/>\n<meta property=\"og:url\" content=\"https:\/\/buqnet.com.tr\/?page_id=556\" \/>\n<meta property=\"og:site_name\" content=\"7\/24 Buqnet Bilgisayar Yaz\u0131l\u0131m ve Donan\u0131m Hizmetleri\" \/>\n<meta property=\"article:modified_time\" content=\"2024-10-02T15:39:07+00:00\" \/>\n<meta property=\"og:image\" content=\"https:\/\/buqnet.com.tr\/wp-content\/uploads\/2024\/09\/Bulut-Bilisim-1-1024x284.jpg\" \/>\n<meta name=\"twitter:card\" content=\"summary_large_image\" \/>\n<meta name=\"twitter:label1\" content=\"Tahmini okuma s\u00fcresi\" \/>\n\t<meta name=\"twitter:data1\" content=\"6 dakika\" \/>\n<script type=\"application\/ld+json\" class=\"yoast-schema-graph\">{\"@context\":\"https:\\\/\\\/schema.org\",\"@graph\":[{\"@type\":\"WebPage\",\"@id\":\"https:\\\/\\\/buqnet.com.tr\\\/?page_id=556\",\"url\":\"https:\\\/\\\/buqnet.com.tr\\\/?page_id=556\",\"name\":\"Bulut Bili\u015fim - 7\\\/24 Buqnet Bilgisayar Yaz\u0131l\u0131m ve Donan\u0131m Hizmetleri\",\"isPartOf\":{\"@id\":\"http:\\\/\\\/buqnet.com.tr\\\/#website\"},\"primaryImageOfPage\":{\"@id\":\"https:\\\/\\\/buqnet.com.tr\\\/?page_id=556#primaryimage\"},\"image\":{\"@id\":\"https:\\\/\\\/buqnet.com.tr\\\/?page_id=556#primaryimage\"},\"thumbnailUrl\":\"https:\\\/\\\/buqnet.com.tr\\\/wp-content\\\/uploads\\\/2024\\\/09\\\/Bulut-Bilisim-1-1024x284.jpg\",\"datePublished\":\"2024-09-29T13:41:24+00:00\",\"dateModified\":\"2024-10-02T15:39:07+00:00\",\"description\":\"IT Destek Hizmetleri, Bilgisayar Dan\u0131\u015fmanl\u0131k, Kurumsal Bak\u0131m Anla\u015fmas\u0131, Bili\u015fim Dan\u0131\u015fmanl\u0131k Hizmetleri, Bilgisayar Servisi, Server Hizmet\",\"breadcrumb\":{\"@id\":\"https:\\\/\\\/buqnet.com.tr\\\/?page_id=556#breadcrumb\"},\"inLanguage\":\"tr\",\"potentialAction\":[{\"@type\":\"ReadAction\",\"target\":[\"https:\\\/\\\/buqnet.com.tr\\\/?page_id=556\"]}]},{\"@type\":\"ImageObject\",\"inLanguage\":\"tr\",\"@id\":\"https:\\\/\\\/buqnet.com.tr\\\/?page_id=556#primaryimage\",\"url\":\"https:\\\/\\\/buqnet.com.tr\\\/wp-content\\\/uploads\\\/2024\\\/09\\\/Bulut-Bilisim-1.jpg\",\"contentUrl\":\"https:\\\/\\\/buqnet.com.tr\\\/wp-content\\\/uploads\\\/2024\\\/09\\\/Bulut-Bilisim-1.jpg\",\"width\":1800,\"height\":500},{\"@type\":\"BreadcrumbList\",\"@id\":\"https:\\\/\\\/buqnet.com.tr\\\/?page_id=556#breadcrumb\",\"itemListElement\":[{\"@type\":\"ListItem\",\"position\":1,\"name\":\"Anasayfa\",\"item\":\"http:\\\/\\\/buqnet.com.tr\\\/\"},{\"@type\":\"ListItem\",\"position\":2,\"name\":\"Bulut Bili\u015fim\"}]},{\"@type\":\"WebSite\",\"@id\":\"http:\\\/\\\/buqnet.com.tr\\\/#website\",\"url\":\"http:\\\/\\\/buqnet.com.tr\\\/\",\"name\":\"Buqnet Bilgisayar Sistem Teknolojileri\",\"description\":\"IT Dan\u0131\u015fmanl\u0131k Hizmetleri, Bilgisayar Dan\u0131\u015fmanl\u0131k, Bak\u0131m Anla\u015fmas\u0131, Bili\u015fim Dan\u0131\u015fmanl\u0131k Hizmetleri, Bilgisayar Servisi, Server Hizmeti\",\"potentialAction\":[{\"@type\":\"SearchAction\",\"target\":{\"@type\":\"EntryPoint\",\"urlTemplate\":\"http:\\\/\\\/buqnet.com.tr\\\/?s={search_term_string}\"},\"query-input\":{\"@type\":\"PropertyValueSpecification\",\"valueRequired\":true,\"valueName\":\"search_term_string\"}}],\"inLanguage\":\"tr\"}]}<\/script>\n<!-- \/ Yoast SEO plugin. -->","yoast_head_json":{"title":"Bulut Bili\u015fim - 7\/24 Buqnet Bilgisayar Yaz\u0131l\u0131m ve Donan\u0131m Hizmetleri","description":"IT Destek Hizmetleri, Bilgisayar Dan\u0131\u015fmanl\u0131k, Kurumsal Bak\u0131m Anla\u015fmas\u0131, Bili\u015fim Dan\u0131\u015fmanl\u0131k Hizmetleri, Bilgisayar Servisi, Server Hizmet","robots":{"index":"index","follow":"follow","max-snippet":"max-snippet:-1","max-image-preview":"max-image-preview:large","max-video-preview":"max-video-preview:-1"},"canonical":"https:\/\/buqnet.com.tr\/?page_id=556","og_locale":"tr_TR","og_type":"article","og_title":"Bulut Bili\u015fim - 7\/24 Buqnet Bilgisayar Yaz\u0131l\u0131m ve Donan\u0131m Hizmetleri","og_description":"IT Destek Hizmetleri, Bilgisayar Dan\u0131\u015fmanl\u0131k, Kurumsal Bak\u0131m Anla\u015fmas\u0131, Bili\u015fim Dan\u0131\u015fmanl\u0131k Hizmetleri, Bilgisayar Servisi, Server Hizmet","og_url":"https:\/\/buqnet.com.tr\/?page_id=556","og_site_name":"7\/24 Buqnet Bilgisayar Yaz\u0131l\u0131m ve Donan\u0131m Hizmetleri","article_modified_time":"2024-10-02T15:39:07+00:00","og_image":[{"url":"https:\/\/buqnet.com.tr\/wp-content\/uploads\/2024\/09\/Bulut-Bilisim-1-1024x284.jpg","type":"","width":"","height":""}],"twitter_card":"summary_large_image","twitter_misc":{"Tahmini okuma s\u00fcresi":"6 dakika"},"schema":{"@context":"https:\/\/schema.org","@graph":[{"@type":"WebPage","@id":"https:\/\/buqnet.com.tr\/?page_id=556","url":"https:\/\/buqnet.com.tr\/?page_id=556","name":"Bulut Bili\u015fim - 7\/24 Buqnet Bilgisayar Yaz\u0131l\u0131m ve Donan\u0131m Hizmetleri","isPartOf":{"@id":"http:\/\/buqnet.com.tr\/#website"},"primaryImageOfPage":{"@id":"https:\/\/buqnet.com.tr\/?page_id=556#primaryimage"},"image":{"@id":"https:\/\/buqnet.com.tr\/?page_id=556#primaryimage"},"thumbnailUrl":"https:\/\/buqnet.com.tr\/wp-content\/uploads\/2024\/09\/Bulut-Bilisim-1-1024x284.jpg","datePublished":"2024-09-29T13:41:24+00:00","dateModified":"2024-10-02T15:39:07+00:00","description":"IT Destek Hizmetleri, Bilgisayar Dan\u0131\u015fmanl\u0131k, Kurumsal Bak\u0131m Anla\u015fmas\u0131, Bili\u015fim Dan\u0131\u015fmanl\u0131k Hizmetleri, Bilgisayar Servisi, Server Hizmet","breadcrumb":{"@id":"https:\/\/buqnet.com.tr\/?page_id=556#breadcrumb"},"inLanguage":"tr","potentialAction":[{"@type":"ReadAction","target":["https:\/\/buqnet.com.tr\/?page_id=556"]}]},{"@type":"ImageObject","inLanguage":"tr","@id":"https:\/\/buqnet.com.tr\/?page_id=556#primaryimage","url":"https:\/\/buqnet.com.tr\/wp-content\/uploads\/2024\/09\/Bulut-Bilisim-1.jpg","contentUrl":"https:\/\/buqnet.com.tr\/wp-content\/uploads\/2024\/09\/Bulut-Bilisim-1.jpg","width":1800,"height":500},{"@type":"BreadcrumbList","@id":"https:\/\/buqnet.com.tr\/?page_id=556#breadcrumb","itemListElement":[{"@type":"ListItem","position":1,"name":"Anasayfa","item":"http:\/\/buqnet.com.tr\/"},{"@type":"ListItem","position":2,"name":"Bulut Bili\u015fim"}]},{"@type":"WebSite","@id":"http:\/\/buqnet.com.tr\/#website","url":"http:\/\/buqnet.com.tr\/","name":"Buqnet Bilgisayar Sistem Teknolojileri","description":"IT Dan\u0131\u015fmanl\u0131k Hizmetleri, Bilgisayar Dan\u0131\u015fmanl\u0131k, Bak\u0131m Anla\u015fmas\u0131, Bili\u015fim Dan\u0131\u015fmanl\u0131k Hizmetleri, Bilgisayar Servisi, Server Hizmeti","potentialAction":[{"@type":"SearchAction","target":{"@type":"EntryPoint","urlTemplate":"http:\/\/buqnet.com.tr\/?s={search_term_string}"},"query-input":{"@type":"PropertyValueSpecification","valueRequired":true,"valueName":"search_term_string"}}],"inLanguage":"tr"}]}},"_links":{"self":[{"href":"https:\/\/buqnet.com.tr\/index.php?rest_route=\/wp\/v2\/pages\/556","targetHints":{"allow":["GET"]}}],"collection":[{"href":"https:\/\/buqnet.com.tr\/index.php?rest_route=\/wp\/v2\/pages"}],"about":[{"href":"https:\/\/buqnet.com.tr\/index.php?rest_route=\/wp\/v2\/types\/page"}],"author":[{"embeddable":true,"href":"https:\/\/buqnet.com.tr\/index.php?rest_route=\/wp\/v2\/users\/1"}],"replies":[{"embeddable":true,"href":"https:\/\/buqnet.com.tr\/index.php?rest_route=%2Fwp%2Fv2%2Fcomments&post=556"}],"version-history":[{"count":4,"href":"https:\/\/buqnet.com.tr\/index.php?rest_route=\/wp\/v2\/pages\/556\/revisions"}],"predecessor-version":[{"id":1025,"href":"https:\/\/buqnet.com.tr\/index.php?rest_route=\/wp\/v2\/pages\/556\/revisions\/1025"}],"wp:attachment":[{"href":"https:\/\/buqnet.com.tr\/index.php?rest_route=%2Fwp%2Fv2%2Fmedia&parent=556"}],"curies":[{"name":"wp","href":"https:\/\/api.w.org\/{rel}","templated":true}]}}