{"id":586,"date":"2024-09-29T16:46:53","date_gmt":"2024-09-29T13:46:53","guid":{"rendered":"https:\/\/buqnet.com.tr\/?page_id=586"},"modified":"2024-10-02T19:16:52","modified_gmt":"2024-10-02T16:16:52","slug":"guvenlik-ag-urunleri-merkezi-yedekleme","status":"publish","type":"page","link":"https:\/\/buqnet.com.tr\/?page_id=586","title":{"rendered":"G\u00fcvenlik A\u011f \u00dcr\u00fcnleri Merkezi Yedekleme"},"content":{"rendered":"\n<figure class=\"wp-block-gallery has-nested-images columns-default is-cropped wp-block-gallery-1 is-layout-flex wp-block-gallery-is-layout-flex\">\n<figure class=\"wp-block-image size-large\"><img loading=\"lazy\" decoding=\"async\" width=\"1024\" height=\"284\" data-id=\"680\" src=\"https:\/\/buqnet.com.tr\/wp-content\/uploads\/2024\/09\/guvenlikagurunleriyedekleme-1024x284.jpg\" alt=\"\" class=\"wp-image-680\" srcset=\"https:\/\/buqnet.com.tr\/wp-content\/uploads\/2024\/09\/guvenlikagurunleriyedekleme-1024x284.jpg 1024w, https:\/\/buqnet.com.tr\/wp-content\/uploads\/2024\/09\/guvenlikagurunleriyedekleme-300x83.jpg 300w, https:\/\/buqnet.com.tr\/wp-content\/uploads\/2024\/09\/guvenlikagurunleriyedekleme-768x213.jpg 768w, https:\/\/buqnet.com.tr\/wp-content\/uploads\/2024\/09\/guvenlikagurunleriyedekleme-1536x427.jpg 1536w, https:\/\/buqnet.com.tr\/wp-content\/uploads\/2024\/09\/guvenlikagurunleriyedekleme.jpg 1800w\" sizes=\"auto, (max-width: 1024px) 100vw, 1024px\" \/><\/figure>\n<\/figure>\n\n\n\n<p>Her organizsayon, i\u015flerini y\u00f6nlendiren uygulamalar\u0131 ve hizmetleri sunmak i\u00e7in a\u011f alt yap\u0131s\u0131n\u0131n kullan\u0131labilirli\u011fi ve g\u00fcvenli\u011fine ba\u011fl\u0131d\u0131r. Donan\u0131m hatas\u0131 veya yanl\u0131\u015f kanfig\u00fcrasyon nedeniyle k\u0131sa&nbsp;bir a\u011f kesintisi bile \u00f6nemli kay\u0131plara ve verimlilik kayb\u0131na yol a\u00e7abilir.&nbsp;<\/p>\n\n\n\n<p>A\u011f\u0131n\u0131z\u0131n mevcut ve g\u00fcvende kalmas\u0131n\u0131 sa\u011flamak IT ekibi i\u00e7in zaman al\u0131c\u0131 ve zor bir s\u00fcre\u00e7tir. Bu s\u00fcre\u00e7 otomatize edilerek g\u00fcvenlik a\u011f \u00fcr\u00fcnlerini yedekleri merkezi olarak al\u0131nabilmekte ve bir felaket an\u0131nda geri d\u00f6n\u00fc\u015f\u00fc sa\u011flanabilmektedir.<\/p>\n\n\n\n<p><strong>G\u00fcvenlik A\u011f \u00dcr\u00fcnleri Merkezi Yedekleme<\/strong>, a\u011f cihazlar\u0131n\u0131n (firewall, y\u00f6nlendirici, anahtar, g\u00fcvenlik duvar\u0131 vb.) yap\u0131land\u0131rma ayarlar\u0131n\u0131n, loglar\u0131n\u0131n ve di\u011fer kritik verilerinin d\u00fczenli olarak yedeklenmesini ifade eder. A\u011f altyap\u0131s\u0131nda kullan\u0131lan bu g\u00fcvenlik \u00fcr\u00fcnleri, i\u015fletmelerin g\u00fcvenli\u011fi ve s\u00fcreklili\u011fi a\u00e7\u0131s\u0131ndan kritik \u00f6neme sahiptir. Merkezile\u015ftirilmi\u015f bir yedekleme stratejisi, a\u011f cihazlar\u0131n\u0131n herhangi bir ar\u0131za, yanl\u0131\u015f yap\u0131land\u0131rma, siber sald\u0131r\u0131 veya felaket durumunda h\u0131zla eski durumuna d\u00f6nd\u00fcr\u00fclmesini sa\u011flar.<\/p>\n\n\n\n<h3 class=\"wp-block-heading\">G\u00fcvenlik A\u011f \u00dcr\u00fcnlerinde Merkezi Yedeklemenin \u00d6nemi<\/h3>\n\n\n\n<ol class=\"wp-block-list\">\n<li><strong>Kesintisiz Operasyonlar<\/strong>: Yedekleme sayesinde, a\u011f cihazlar\u0131nda olu\u015fabilecek olas\u0131 yap\u0131land\u0131rma hatalar\u0131 veya sistem ar\u0131zalar\u0131 sonucunda hizmet kesintileri en aza indirilir. Yedeklenmi\u015f yap\u0131land\u0131rmalar sayesinde cihazlar h\u0131zla geri y\u00fcklenebilir.<\/li>\n\n\n\n<li><strong>G\u00fcvenlik \u0130hlallerini \u00d6nleme<\/strong>: Cihaz yap\u0131land\u0131rmalar\u0131n\u0131n d\u00fczenli olarak yedeklenmesi, yanl\u0131\u015f yap\u0131land\u0131rmalar sonucunda g\u00fcvenlik a\u00e7\u0131klar\u0131n\u0131n ortaya \u00e7\u0131kmas\u0131n\u0131 \u00f6nler. Ayr\u0131ca, k\u00f6t\u00fc niyetli sald\u0131rganlar cihaz yap\u0131land\u0131rmalar\u0131n\u0131 de\u011fi\u015ftirirse, eski yedekler h\u0131zl\u0131ca geri y\u00fcklenebilir.<\/li>\n\n\n\n<li><strong>Yasal ve Uyumluluk Gereksinimlerini Kar\u015f\u0131lama<\/strong>: Bir\u00e7ok d\u00fczenleyici kurum ve g\u00fcvenlik standard\u0131 (ISO 27001, PCI-DSS, GDPR) a\u011f yap\u0131land\u0131rmalar\u0131n\u0131n d\u00fczenli olarak yedeklenmesini gerektirir. Merkezi yedekleme, bu uyumlulu\u011fun sa\u011flanmas\u0131na yard\u0131mc\u0131 olur.<\/li>\n\n\n\n<li><strong>Zaman ve \u0130\u015f G\u00fcc\u00fc Tasarrufu<\/strong>: Merkezi yedekleme \u00e7\u00f6z\u00fcmleri, t\u00fcm a\u011f cihazlar\u0131n\u0131n tek bir merkezden otomatik olarak yedeklenmesini sa\u011flar. Bu, her bir cihaz\u0131n manuel olarak yedeklenmesi zorunlulu\u011funu ortadan kald\u0131rarak i\u015f g\u00fcc\u00fc tasarrufu sa\u011flar.<\/li>\n<\/ol>\n\n\n\n<h3 class=\"wp-block-heading\">Merkezi Yedekleme Stratejileri<\/h3>\n\n\n\n<p>Merkezi yedekleme stratejileri, a\u011f cihazlar\u0131n\u0131n yedekleme s\u00fcre\u00e7lerinin otomatikle\u015ftirilmesi ve y\u00f6netilmesini ama\u00e7lar. A\u015fa\u011f\u0131da bu stratejilerin ba\u015fl\u0131ca bile\u015fenleri yer al\u0131r:<\/p>\n\n\n\n<ol class=\"wp-block-list\">\n<li><strong>Merkezi Yedekleme Yaz\u0131l\u0131mlar\u0131 ve \u00c7\u00f6z\u00fcmleri<\/strong>\n<ul class=\"wp-block-list\">\n<li><strong>A\u011f y\u00f6netim yaz\u0131l\u0131mlar\u0131<\/strong> (Network Management Software &#8211; NMS) ve <strong>yedekleme ara\u00e7lar\u0131<\/strong>, a\u011f cihazlar\u0131n\u0131n yap\u0131land\u0131rmalar\u0131n\u0131 d\u00fczenli olarak yedekleyebilir. Bu yaz\u0131l\u0131mlar, belirli zaman aral\u0131klar\u0131nda otomatik yedekleme yaparak, manuel yedekleme gereksinimini ortadan kald\u0131r\u0131r.<\/li>\n\n\n\n<li><strong>\u00d6rnek Ara\u00e7lar<\/strong>: SolarWinds Network Configuration Manager, ManageEngine Network Configuration Manager, RANCID, Netmiko.<\/li>\n<\/ul>\n<\/li>\n\n\n\n<li><strong>Yedekleme Frekanslar\u0131<\/strong>\n<ul class=\"wp-block-list\">\n<li>Yedeklemelerin ne s\u0131kl\u0131kta yap\u0131laca\u011f\u0131na karar verilmelidir. Kritik a\u011f cihazlar\u0131n\u0131n yap\u0131land\u0131rma de\u011fi\u015fiklikleri s\u0131k oluyorsa, yedekleme s\u0131kl\u0131\u011f\u0131 da buna g\u00f6re ayarlanmal\u0131d\u0131r (g\u00fcnl\u00fck, haftal\u0131k, anl\u0131k).<\/li>\n<\/ul>\n<\/li>\n\n\n\n<li><strong>Yedekleme T\u00fcrleri<\/strong>\n<ul class=\"wp-block-list\">\n<li><strong>Tam Yedekleme<\/strong>: Cihaz\u0131n t\u00fcm yap\u0131land\u0131rma ve loglar\u0131n\u0131n d\u00fczenli olarak yedeklenmesidir.<\/li>\n\n\n\n<li><strong>Art\u0131ml\u0131 Yedekleme<\/strong>: Sadece son yedeklemeden sonra yap\u0131lan de\u011fi\u015fiklikler yedeklenir. Bu, depolama alan\u0131 ve i\u015flem s\u00fcresinden tasarruf sa\u011flar.<\/li>\n<\/ul>\n<\/li>\n\n\n\n<li><strong>Bulut Tabanl\u0131 Yedekleme<\/strong>\n<ul class=\"wp-block-list\">\n<li>Yedeklerin sadece yerel sunucularda de\u011fil, bulut tabanl\u0131 depolama \u00e7\u00f6z\u00fcmlerinde de saklanmas\u0131, olas\u0131 bir felaket durumunda yedeklere uzaktan eri\u015fim imk\u00e2n\u0131 sa\u011flar.<\/li>\n\n\n\n<li><strong>\u00d6rnek \u00c7\u00f6z\u00fcmler<\/strong>: AWS, Azure, Google Cloud, Dropbox Business.<\/li>\n<\/ul>\n<\/li>\n\n\n\n<li><strong>\u015eifreleme ve G\u00fcvenlik<\/strong>\n<ul class=\"wp-block-list\">\n<li>Yedeklenen verilerin g\u00fcvenli\u011fini sa\u011flamak amac\u0131yla yedek dosyalar\u0131n\u0131n \u015fifrelenmesi gerekir. Bu, yetkisiz eri\u015fimlere kar\u015f\u0131 yedeklerin korunmas\u0131n\u0131 sa\u011flar.<\/li>\n<\/ul>\n<\/li>\n\n\n\n<li><strong>Versiyonlama<\/strong>\n<ul class=\"wp-block-list\">\n<li>Yedeklerin versiyonlanmas\u0131, herhangi bir yap\u0131land\u0131rma hatas\u0131 veya problem durumunda hangi yede\u011fe geri d\u00f6n\u00fclece\u011fini belirlemek a\u00e7\u0131s\u0131ndan \u00f6nemlidir. Eski yap\u0131land\u0131rma dosyalar\u0131n\u0131n tarih ve i\u00e7erik bilgileri saklanmal\u0131d\u0131r.<\/li>\n<\/ul>\n<\/li>\n<\/ol>\n\n\n\n<h3 class=\"wp-block-heading\">Merkezi Yedekleme S\u00fcrecinde Dikkat Edilmesi Gerekenler<\/h3>\n\n\n\n<ol class=\"wp-block-list\">\n<li><strong>Yedekleme Politikas\u0131n\u0131n Olu\u015fturulmas\u0131<\/strong>: Hangi cihazlar\u0131n, ne s\u0131kl\u0131kta, hangi verilerinin yedeklenece\u011fi ile ilgili bir yedekleme politikas\u0131 olu\u015fturulmal\u0131d\u0131r. Politikada, yedekleme frekanslar\u0131, sorumluluklar ve yedeklerin nerede saklanaca\u011f\u0131 belirtilmelidir.<\/li>\n\n\n\n<li><strong>Yedekleme Testleri<\/strong>: Yedekleme s\u00fcrecinin d\u00fczg\u00fcn i\u015fledi\u011finden emin olmak i\u00e7in d\u00fczenli olarak yedek geri y\u00fckleme testleri yap\u0131lmal\u0131d\u0131r. B\u00f6ylece, acil bir durumda yedeklerin sorunsuz \u00e7al\u0131\u015f\u0131p \u00e7al\u0131\u015fmad\u0131\u011f\u0131 kontrol edilmi\u015f olur.<\/li>\n\n\n\n<li><strong>Yedek Dosyalar\u0131n\u0131n Depolanmas\u0131<\/strong>: Yedek dosyalar\u0131n\u0131n g\u00fcvenli bir \u015fekilde saklanmas\u0131 gerekir. Hem yerel hem de bulut tabanl\u0131 \u00e7\u00f6z\u00fcmler kullan\u0131larak yedeklerin co\u011frafi olarak farkl\u0131 noktalarda depolanmas\u0131 g\u00fcvenlik a\u00e7\u0131s\u0131ndan iyi bir uygulamad\u0131r.<\/li>\n\n\n\n<li><strong>G\u00fcncel Cihaz Envanteri<\/strong>: A\u011fda kullan\u0131lan t\u00fcm cihazlar\u0131n g\u00fcncel bir envanteri tutulmal\u0131 ve yedekleme i\u015flemleri bu envantere g\u00f6re yap\u0131land\u0131r\u0131lmal\u0131d\u0131r. Yeni eklenen cihazlar da yedekleme s\u00fcrecine dahil edilmelidir.<\/li>\n<\/ol>\n\n\n\n<h3 class=\"wp-block-heading\">Merkezi Yedekleme Ara\u00e7lar\u0131 ve \u00c7\u00f6z\u00fcmleri<\/h3>\n\n\n\n<ol class=\"wp-block-list\">\n<li><strong>SolarWinds Network Configuration Manager (NCM)<\/strong>: A\u011f cihazlar\u0131n\u0131n yap\u0131land\u0131rmalar\u0131n\u0131 otomatik olarak yedekler ve yap\u0131land\u0131rma de\u011fi\u015fikliklerini takip eder. Ayr\u0131ca, a\u011f cihazlar\u0131 i\u00e7in g\u00fcvenlik uyumlulu\u011fu sa\u011flar.<\/li>\n\n\n\n<li><strong>ManageEngine Network Configuration Manager<\/strong>: Cihazlar\u0131n yedeklerini al\u0131r, yap\u0131land\u0131rma de\u011fi\u015fikliklerini izler ve cihaz y\u00f6netimini merkezile\u015ftirir.<\/li>\n\n\n\n<li><strong>RANCID (Really Awesome New Cisco confIg Differ)<\/strong>: Cisco gibi a\u011f cihazlar\u0131n\u0131n yap\u0131land\u0131rma dosyalar\u0131n\u0131 otomatik olarak yedekleyen ve yap\u0131land\u0131rmalarda de\u011fi\u015fiklikleri izleyen a\u00e7\u0131k kaynak bir ara\u00e7t\u0131r.<\/li>\n\n\n\n<li><strong>Netmiko<\/strong>: Python tabanl\u0131 bu ara\u00e7, a\u011f cihazlar\u0131yla otomatikle\u015ftirilmi\u015f yedekleme ve y\u00f6netim i\u015flemleri yapman\u0131z\u0131 sa\u011flar.<\/li>\n\n\n\n<li><strong>OpenManage Network Manager<\/strong>: Dell taraf\u0131ndan sunulan bu \u00e7\u00f6z\u00fcm, a\u011f cihazlar\u0131n\u0131n yap\u0131land\u0131rma yedeklerini otomatik olarak alman\u0131z\u0131 ve merkezi bir y\u00f6netim konsolundan izlemenizi sa\u011flar.<\/li>\n<\/ol>\n\n\n\n<h3 class=\"wp-block-heading\">Sonu\u00e7<\/h3>\n\n\n\n<p>G\u00fcvenlik a\u011f \u00fcr\u00fcnlerinde merkezi yedekleme, a\u011f altyap\u0131s\u0131n\u0131n g\u00fcvenli ve sorunsuz \u00e7al\u0131\u015fmas\u0131n\u0131 sa\u011flayan kritik bir uygulamad\u0131r. D\u00fczenli ve g\u00fcvenilir yedekleme prosed\u00fcrleri, a\u011f cihazlar\u0131n\u0131n herhangi bir sorun durumunda h\u0131zla geri y\u00fcklenmesine yard\u0131mc\u0131 olur. Bu, hem operasyonel s\u00fcreklili\u011fi sa\u011flar hem de olas\u0131 g\u00fcvenlik a\u00e7\u0131klar\u0131na kar\u015f\u0131 koruma sunar.<\/p>\n","protected":false},"excerpt":{"rendered":"<p>Her organizsayon, i\u015flerini y\u00f6nlendiren uygulamalar\u0131 ve hizmetleri sunmak i\u00e7in a\u011f alt yap\u0131s\u0131n\u0131n kullan\u0131labilirli\u011fi ve g\u00fcvenli\u011fine ba\u011fl\u0131d\u0131r. Donan\u0131m hatas\u0131 veya yanl\u0131\u015f kanfig\u00fcrasyon nedeniyle k\u0131sa&nbsp;bir a\u011f kesintisi bile \u00f6nemli kay\u0131plara ve verimlilik kayb\u0131na yol a\u00e7abilir.&nbsp; A\u011f\u0131n\u0131z\u0131n mevcut ve g\u00fcvende kalmas\u0131n\u0131 sa\u011flamak IT ekibi i\u00e7in zaman al\u0131c\u0131 ve zor bir s\u00fcre\u00e7tir. Bu s\u00fcre\u00e7 otomatize edilerek g\u00fcvenlik a\u011f \u00fcr\u00fcnlerini [&hellip;]<\/p>\n","protected":false},"author":1,"featured_media":0,"parent":0,"menu_order":0,"comment_status":"closed","ping_status":"closed","template":"","meta":{"footnotes":""},"class_list":["post-586","page","type-page","status-publish","hentry"],"yoast_head":"<!-- This site is optimized with the Yoast SEO plugin v27.4 - https:\/\/yoast.com\/product\/yoast-seo-wordpress\/ -->\n<title>G\u00fcvenlik A\u011f \u00dcr\u00fcnleri Merkezi Yedekleme - 7\/24 Buqnet Bilgisayar Yaz\u0131l\u0131m ve Donan\u0131m Hizmetleri<\/title>\n<meta name=\"description\" content=\"IT Dan\u0131\u015fmanl\u0131k Hizmetleri, Bilgisayar Dan\u0131\u015fmanl\u0131k, Bak\u0131m Anla\u015fmas\u0131, Bili\u015fim Dan\u0131\u015fmanl\u0131k Hizmetleri, Bilgisayar Servisi, Server Hizmeti\" \/>\n<meta name=\"robots\" content=\"index, follow, max-snippet:-1, max-image-preview:large, max-video-preview:-1\" \/>\n<link rel=\"canonical\" href=\"https:\/\/buqnet.com.tr\/?page_id=586\" \/>\n<meta property=\"og:locale\" content=\"tr_TR\" \/>\n<meta property=\"og:type\" content=\"article\" \/>\n<meta property=\"og:title\" content=\"G\u00fcvenlik A\u011f \u00dcr\u00fcnleri Merkezi Yedekleme - 7\/24 Buqnet Bilgisayar Yaz\u0131l\u0131m ve Donan\u0131m Hizmetleri\" \/>\n<meta property=\"og:description\" content=\"IT Dan\u0131\u015fmanl\u0131k Hizmetleri, Bilgisayar Dan\u0131\u015fmanl\u0131k, Bak\u0131m Anla\u015fmas\u0131, Bili\u015fim Dan\u0131\u015fmanl\u0131k Hizmetleri, Bilgisayar Servisi, Server Hizmeti\" \/>\n<meta property=\"og:url\" content=\"https:\/\/buqnet.com.tr\/?page_id=586\" \/>\n<meta property=\"og:site_name\" content=\"7\/24 Buqnet Bilgisayar Yaz\u0131l\u0131m ve Donan\u0131m Hizmetleri\" \/>\n<meta property=\"article:modified_time\" content=\"2024-10-02T16:16:52+00:00\" \/>\n<meta property=\"og:image\" content=\"https:\/\/buqnet.com.tr\/wp-content\/uploads\/2024\/09\/guvenlikagurunleriyedekleme-1024x284.jpg\" \/>\n<meta name=\"twitter:card\" content=\"summary_large_image\" \/>\n<meta name=\"twitter:label1\" content=\"Tahmini okuma s\u00fcresi\" \/>\n\t<meta name=\"twitter:data1\" content=\"5 dakika\" \/>\n<script type=\"application\/ld+json\" class=\"yoast-schema-graph\">{\"@context\":\"https:\\\/\\\/schema.org\",\"@graph\":[{\"@type\":\"WebPage\",\"@id\":\"https:\\\/\\\/buqnet.com.tr\\\/?page_id=586\",\"url\":\"https:\\\/\\\/buqnet.com.tr\\\/?page_id=586\",\"name\":\"G\u00fcvenlik A\u011f \u00dcr\u00fcnleri Merkezi Yedekleme - 7\\\/24 Buqnet Bilgisayar Yaz\u0131l\u0131m ve Donan\u0131m Hizmetleri\",\"isPartOf\":{\"@id\":\"https:\\\/\\\/buqnet.com.tr\\\/#website\"},\"primaryImageOfPage\":{\"@id\":\"https:\\\/\\\/buqnet.com.tr\\\/?page_id=586#primaryimage\"},\"image\":{\"@id\":\"https:\\\/\\\/buqnet.com.tr\\\/?page_id=586#primaryimage\"},\"thumbnailUrl\":\"https:\\\/\\\/buqnet.com.tr\\\/wp-content\\\/uploads\\\/2024\\\/09\\\/guvenlikagurunleriyedekleme-1024x284.jpg\",\"datePublished\":\"2024-09-29T13:46:53+00:00\",\"dateModified\":\"2024-10-02T16:16:52+00:00\",\"description\":\"IT Dan\u0131\u015fmanl\u0131k Hizmetleri, Bilgisayar Dan\u0131\u015fmanl\u0131k, Bak\u0131m Anla\u015fmas\u0131, Bili\u015fim Dan\u0131\u015fmanl\u0131k Hizmetleri, Bilgisayar Servisi, Server Hizmeti\",\"breadcrumb\":{\"@id\":\"https:\\\/\\\/buqnet.com.tr\\\/?page_id=586#breadcrumb\"},\"inLanguage\":\"tr\",\"potentialAction\":[{\"@type\":\"ReadAction\",\"target\":[\"https:\\\/\\\/buqnet.com.tr\\\/?page_id=586\"]}]},{\"@type\":\"ImageObject\",\"inLanguage\":\"tr\",\"@id\":\"https:\\\/\\\/buqnet.com.tr\\\/?page_id=586#primaryimage\",\"url\":\"https:\\\/\\\/buqnet.com.tr\\\/wp-content\\\/uploads\\\/2024\\\/09\\\/guvenlikagurunleriyedekleme.jpg\",\"contentUrl\":\"https:\\\/\\\/buqnet.com.tr\\\/wp-content\\\/uploads\\\/2024\\\/09\\\/guvenlikagurunleriyedekleme.jpg\",\"width\":1800,\"height\":500},{\"@type\":\"BreadcrumbList\",\"@id\":\"https:\\\/\\\/buqnet.com.tr\\\/?page_id=586#breadcrumb\",\"itemListElement\":[{\"@type\":\"ListItem\",\"position\":1,\"name\":\"Anasayfa\",\"item\":\"https:\\\/\\\/buqnet.com.tr\\\/\"},{\"@type\":\"ListItem\",\"position\":2,\"name\":\"G\u00fcvenlik A\u011f \u00dcr\u00fcnleri Merkezi Yedekleme\"}]},{\"@type\":\"WebSite\",\"@id\":\"https:\\\/\\\/buqnet.com.tr\\\/#website\",\"url\":\"https:\\\/\\\/buqnet.com.tr\\\/\",\"name\":\"Buqnet Bilgisayar Sistem Teknolojileri\",\"description\":\"IT Dan\u0131\u015fmanl\u0131k Hizmetleri, Bilgisayar Dan\u0131\u015fmanl\u0131k, Bak\u0131m Anla\u015fmas\u0131, Bili\u015fim Dan\u0131\u015fmanl\u0131k Hizmetleri, Bilgisayar Servisi, Server Hizmeti\",\"potentialAction\":[{\"@type\":\"SearchAction\",\"target\":{\"@type\":\"EntryPoint\",\"urlTemplate\":\"https:\\\/\\\/buqnet.com.tr\\\/?s={search_term_string}\"},\"query-input\":{\"@type\":\"PropertyValueSpecification\",\"valueRequired\":true,\"valueName\":\"search_term_string\"}}],\"inLanguage\":\"tr\"}]}<\/script>\n<!-- \/ Yoast SEO plugin. -->","yoast_head_json":{"title":"G\u00fcvenlik A\u011f \u00dcr\u00fcnleri Merkezi Yedekleme - 7\/24 Buqnet Bilgisayar Yaz\u0131l\u0131m ve Donan\u0131m Hizmetleri","description":"IT Dan\u0131\u015fmanl\u0131k Hizmetleri, Bilgisayar Dan\u0131\u015fmanl\u0131k, Bak\u0131m Anla\u015fmas\u0131, Bili\u015fim Dan\u0131\u015fmanl\u0131k Hizmetleri, Bilgisayar Servisi, Server Hizmeti","robots":{"index":"index","follow":"follow","max-snippet":"max-snippet:-1","max-image-preview":"max-image-preview:large","max-video-preview":"max-video-preview:-1"},"canonical":"https:\/\/buqnet.com.tr\/?page_id=586","og_locale":"tr_TR","og_type":"article","og_title":"G\u00fcvenlik A\u011f \u00dcr\u00fcnleri Merkezi Yedekleme - 7\/24 Buqnet Bilgisayar Yaz\u0131l\u0131m ve Donan\u0131m Hizmetleri","og_description":"IT Dan\u0131\u015fmanl\u0131k Hizmetleri, Bilgisayar Dan\u0131\u015fmanl\u0131k, Bak\u0131m Anla\u015fmas\u0131, Bili\u015fim Dan\u0131\u015fmanl\u0131k Hizmetleri, Bilgisayar Servisi, Server Hizmeti","og_url":"https:\/\/buqnet.com.tr\/?page_id=586","og_site_name":"7\/24 Buqnet Bilgisayar Yaz\u0131l\u0131m ve Donan\u0131m Hizmetleri","article_modified_time":"2024-10-02T16:16:52+00:00","og_image":[{"url":"https:\/\/buqnet.com.tr\/wp-content\/uploads\/2024\/09\/guvenlikagurunleriyedekleme-1024x284.jpg","type":"","width":"","height":""}],"twitter_card":"summary_large_image","twitter_misc":{"Tahmini okuma s\u00fcresi":"5 dakika"},"schema":{"@context":"https:\/\/schema.org","@graph":[{"@type":"WebPage","@id":"https:\/\/buqnet.com.tr\/?page_id=586","url":"https:\/\/buqnet.com.tr\/?page_id=586","name":"G\u00fcvenlik A\u011f \u00dcr\u00fcnleri Merkezi Yedekleme - 7\/24 Buqnet Bilgisayar Yaz\u0131l\u0131m ve Donan\u0131m Hizmetleri","isPartOf":{"@id":"https:\/\/buqnet.com.tr\/#website"},"primaryImageOfPage":{"@id":"https:\/\/buqnet.com.tr\/?page_id=586#primaryimage"},"image":{"@id":"https:\/\/buqnet.com.tr\/?page_id=586#primaryimage"},"thumbnailUrl":"https:\/\/buqnet.com.tr\/wp-content\/uploads\/2024\/09\/guvenlikagurunleriyedekleme-1024x284.jpg","datePublished":"2024-09-29T13:46:53+00:00","dateModified":"2024-10-02T16:16:52+00:00","description":"IT Dan\u0131\u015fmanl\u0131k Hizmetleri, Bilgisayar Dan\u0131\u015fmanl\u0131k, Bak\u0131m Anla\u015fmas\u0131, Bili\u015fim Dan\u0131\u015fmanl\u0131k Hizmetleri, Bilgisayar Servisi, Server Hizmeti","breadcrumb":{"@id":"https:\/\/buqnet.com.tr\/?page_id=586#breadcrumb"},"inLanguage":"tr","potentialAction":[{"@type":"ReadAction","target":["https:\/\/buqnet.com.tr\/?page_id=586"]}]},{"@type":"ImageObject","inLanguage":"tr","@id":"https:\/\/buqnet.com.tr\/?page_id=586#primaryimage","url":"https:\/\/buqnet.com.tr\/wp-content\/uploads\/2024\/09\/guvenlikagurunleriyedekleme.jpg","contentUrl":"https:\/\/buqnet.com.tr\/wp-content\/uploads\/2024\/09\/guvenlikagurunleriyedekleme.jpg","width":1800,"height":500},{"@type":"BreadcrumbList","@id":"https:\/\/buqnet.com.tr\/?page_id=586#breadcrumb","itemListElement":[{"@type":"ListItem","position":1,"name":"Anasayfa","item":"https:\/\/buqnet.com.tr\/"},{"@type":"ListItem","position":2,"name":"G\u00fcvenlik A\u011f \u00dcr\u00fcnleri Merkezi Yedekleme"}]},{"@type":"WebSite","@id":"https:\/\/buqnet.com.tr\/#website","url":"https:\/\/buqnet.com.tr\/","name":"Buqnet Bilgisayar Sistem Teknolojileri","description":"IT Dan\u0131\u015fmanl\u0131k Hizmetleri, Bilgisayar Dan\u0131\u015fmanl\u0131k, Bak\u0131m Anla\u015fmas\u0131, Bili\u015fim Dan\u0131\u015fmanl\u0131k Hizmetleri, Bilgisayar Servisi, Server Hizmeti","potentialAction":[{"@type":"SearchAction","target":{"@type":"EntryPoint","urlTemplate":"https:\/\/buqnet.com.tr\/?s={search_term_string}"},"query-input":{"@type":"PropertyValueSpecification","valueRequired":true,"valueName":"search_term_string"}}],"inLanguage":"tr"}]}},"_links":{"self":[{"href":"https:\/\/buqnet.com.tr\/index.php?rest_route=\/wp\/v2\/pages\/586","targetHints":{"allow":["GET"]}}],"collection":[{"href":"https:\/\/buqnet.com.tr\/index.php?rest_route=\/wp\/v2\/pages"}],"about":[{"href":"https:\/\/buqnet.com.tr\/index.php?rest_route=\/wp\/v2\/types\/page"}],"author":[{"embeddable":true,"href":"https:\/\/buqnet.com.tr\/index.php?rest_route=\/wp\/v2\/users\/1"}],"replies":[{"embeddable":true,"href":"https:\/\/buqnet.com.tr\/index.php?rest_route=%2Fwp%2Fv2%2Fcomments&post=586"}],"version-history":[{"count":3,"href":"https:\/\/buqnet.com.tr\/index.php?rest_route=\/wp\/v2\/pages\/586\/revisions"}],"predecessor-version":[{"id":1040,"href":"https:\/\/buqnet.com.tr\/index.php?rest_route=\/wp\/v2\/pages\/586\/revisions\/1040"}],"wp:attachment":[{"href":"https:\/\/buqnet.com.tr\/index.php?rest_route=%2Fwp%2Fv2%2Fmedia&parent=586"}],"curies":[{"name":"wp","href":"https:\/\/api.w.org\/{rel}","templated":true}]}}