{"id":596,"date":"2024-09-29T16:47:47","date_gmt":"2024-09-29T13:47:47","guid":{"rendered":"https:\/\/buqnet.com.tr\/?page_id=596"},"modified":"2024-10-02T17:42:50","modified_gmt":"2024-10-02T14:42:50","slug":"ag-bakim-destek","status":"publish","type":"page","link":"https:\/\/buqnet.com.tr\/?page_id=596","title":{"rendered":"A\u011f Bak\u0131m \/ Destek"},"content":{"rendered":"\n<figure class=\"wp-block-gallery has-nested-images columns-default is-cropped wp-block-gallery-1 is-layout-flex wp-block-gallery-is-layout-flex\">\n<figure class=\"wp-block-image size-large\"><img loading=\"lazy\" decoding=\"async\" width=\"1024\" height=\"313\" data-id=\"816\" src=\"https:\/\/buqnet.com.tr\/wp-content\/uploads\/2024\/09\/Ag-Bakim-1024x313.jpg\" alt=\"\" class=\"wp-image-816\" srcset=\"https:\/\/buqnet.com.tr\/wp-content\/uploads\/2024\/09\/Ag-Bakim-1024x313.jpg 1024w, https:\/\/buqnet.com.tr\/wp-content\/uploads\/2024\/09\/Ag-Bakim-300x92.jpg 300w, https:\/\/buqnet.com.tr\/wp-content\/uploads\/2024\/09\/Ag-Bakim-768x235.jpg 768w, https:\/\/buqnet.com.tr\/wp-content\/uploads\/2024\/09\/Ag-Bakim-1536x469.jpg 1536w, https:\/\/buqnet.com.tr\/wp-content\/uploads\/2024\/09\/Ag-Bakim.jpg 1800w\" sizes=\"auto, (max-width: 1024px) 100vw, 1024px\" \/><\/figure>\n<\/figure>\n\n\n\n<p><\/p>\n\n\n\n<h2 class=\"wp-block-heading\"><\/h2>\n\n\n\n<p><\/p>\n\n\n\n<p>\u00c7a\u011fr\u0131 bazl\u0131 ve servis seviyesi esasl\u0131 olarak y\u00fcr\u00fct\u00fcl\u00fcr. Par\u00e7a D\u00e2hil veya Par\u00e7a Hari\u00e7&nbsp;olarak verilebilir.<\/p>\n\n\n\n<p>Servis sa\u011flay\u0131c\u0131 ile m\u00fc\u015fteri aras\u0131ndaki hizmet s\u00f6zle\u015fmesinin i\u00e7eri\u011fine ba\u011fl\u0131 olarak,&nbsp;<strong><em>Periyodik Bak\u0131m<\/em><\/strong>&nbsp;hizmeti de kapsam i\u00e7erisinde olabilir.<\/p>\n\n\n\n<p><strong>Kapsam D\u0131\u015f\u0131 Konular<\/strong><\/p>\n\n\n\n<p><strong>A\u011f Bak\u0131m\/Destek hizmeti<\/strong>&nbsp;d\u0131\u015f\u0131ndaki t\u00fcm hizmet alt bile\u015fenlerine ili\u015fkin destek, y\u00f6netim ve dan\u0131\u015fmanl\u0131k hizmetleri,<\/p>\n\n\n\n<ul class=\"wp-block-list\">\n<li>T\u00fcm&nbsp;<strong>network<\/strong>&nbsp;donan\u0131m\/sistem bile\u015fenlerinin yat\u0131r\u0131m maliyetleri,<\/li>\n\n\n\n<li><strong>Data<\/strong>,&nbsp;<strong>internet<\/strong>&nbsp;hatlar\u0131 gibi t\u00fcm hat ba\u011flant\u0131lar\u0131n\u0131n yat\u0131r\u0131m ve i\u015fletim maliyetleri,<\/li>\n\n\n\n<li><strong>Uzak alan ba\u011flant\u0131lar\u0131nda<\/strong>&nbsp;olu\u015fabilecek, ilgili servis sa\u011flay\u0131c\u0131 (<strong>T\u00fcrk Telekom<\/strong>,&nbsp;<strong>\u0130nternet Servis Sa\u011flay\u0131c\u0131<\/strong>&nbsp;vb.) kaynakl\u0131 problemler ve&nbsp;bu problemlerden kaynaklanan kesintiler,<\/li>\n\n\n\n<li>M\u00fc\u015fteri ya da \u00fc\u00e7\u00fcnc\u00fc \u015fah\u0131slar\u0131n; hata, kas\u0131t ya da ihmali, ani voltaj de\u011fi\u015fiklikleri, klima \u015fartlar\u0131n\u0131n sa\u011flanmamas\u0131, genel m\u00fccbir&nbsp;sebepler ve bunlara benzer nedenler ile olu\u015facak hasar ve ar\u0131zalar,<\/li>\n\n\n\n<li>Servis sa\u011flay\u0131c\u0131n\u0131n yaz\u0131l\u0131 onay\u0131n\u0131 almadan sistem \u00fczerine yap\u0131lan ekleme ya da de\u011fi\u015fikliklerden dolay\u0131 meydana gelen sorunlar ve&nbsp;bu sorunlar\u0131n yol a\u00e7t\u0131\u011f\u0131 her t\u00fcrl\u00fc olumsuzluklar.<\/li>\n<\/ul>\n\n\n\n<p><strong>A\u011f Bak\u0131m<\/strong>\/<strong>Destek hizmetleri<\/strong>;, i\u015f ak\u0131\u015flar\u0131nda bilgi teknolojilerinin \u00f6nemli bir unsur olarak yer ald\u0131\u011f\u0131, i\u015f ak\u0131\u015flar\u0131n\u0131n devaml\u0131l\u0131\u011f\u0131nda sorun ya\u015fanmas\u0131 ile zarar g\u00f6rebilecek olan b\u00fcy\u00fck \u00f6l\u00e7ekli kamu ve \u00f6zel kurulu\u015flar\u0131, finans kurumlar\u0131, yurtd\u0131\u015f\u0131 ba\u011flant\u0131lar\u0131 olan kurumlar, \u00fcretim firmalar\u0131 ve her t\u00fcrl\u00fc&nbsp;<strong>KOB\u0130\u2019ler<\/strong>&nbsp;taraf\u0131ndan kullan\u0131labilir.<\/p>\n","protected":false},"excerpt":{"rendered":"<p>\u00c7a\u011fr\u0131 bazl\u0131 ve servis seviyesi esasl\u0131 olarak y\u00fcr\u00fct\u00fcl\u00fcr. Par\u00e7a D\u00e2hil veya Par\u00e7a Hari\u00e7&nbsp;olarak verilebilir. Servis sa\u011flay\u0131c\u0131 ile m\u00fc\u015fteri aras\u0131ndaki hizmet s\u00f6zle\u015fmesinin i\u00e7eri\u011fine ba\u011fl\u0131 olarak,&nbsp;Periyodik Bak\u0131m&nbsp;hizmeti de kapsam i\u00e7erisinde olabilir. Kapsam D\u0131\u015f\u0131 Konular A\u011f Bak\u0131m\/Destek hizmeti&nbsp;d\u0131\u015f\u0131ndaki t\u00fcm hizmet alt bile\u015fenlerine ili\u015fkin destek, y\u00f6netim ve dan\u0131\u015fmanl\u0131k hizmetleri, A\u011f Bak\u0131m\/Destek hizmetleri;, i\u015f ak\u0131\u015flar\u0131nda bilgi teknolojilerinin \u00f6nemli bir unsur [&hellip;]<\/p>\n","protected":false},"author":1,"featured_media":0,"parent":0,"menu_order":0,"comment_status":"closed","ping_status":"closed","template":"","meta":{"footnotes":""},"class_list":["post-596","page","type-page","status-publish","hentry"],"yoast_head":"<!-- This site is optimized with the Yoast SEO plugin v27.4 - https:\/\/yoast.com\/product\/yoast-seo-wordpress\/ -->\n<title>A\u011f Bak\u0131m \/ Destek - 7\/24 Buqnet Bilgisayar Yaz\u0131l\u0131m ve Donan\u0131m Hizmetleri<\/title>\n<meta name=\"description\" content=\"Bilgisayar Dan\u0131\u015fmanl\u0131k, Kurumsal Bak\u0131m Anla\u015fmas\u0131, IT Destek Hizmetleri, Bili\u015fim Dan\u0131\u015fmanl\u0131k Hizmetleri, Bilgisayar Servisi, Server Bak\u0131m\" \/>\n<meta name=\"robots\" content=\"index, follow, max-snippet:-1, max-image-preview:large, max-video-preview:-1\" \/>\n<link rel=\"canonical\" href=\"https:\/\/buqnet.com.tr\/?page_id=596\" \/>\n<meta property=\"og:locale\" content=\"tr_TR\" \/>\n<meta property=\"og:type\" content=\"article\" \/>\n<meta property=\"og:title\" content=\"A\u011f Bak\u0131m \/ Destek - 7\/24 Buqnet Bilgisayar Yaz\u0131l\u0131m ve Donan\u0131m Hizmetleri\" \/>\n<meta property=\"og:description\" content=\"Bilgisayar Dan\u0131\u015fmanl\u0131k, Kurumsal Bak\u0131m Anla\u015fmas\u0131, IT Destek Hizmetleri, Bili\u015fim Dan\u0131\u015fmanl\u0131k Hizmetleri, Bilgisayar Servisi, Server Bak\u0131m\" \/>\n<meta property=\"og:url\" content=\"https:\/\/buqnet.com.tr\/?page_id=596\" \/>\n<meta property=\"og:site_name\" content=\"7\/24 Buqnet Bilgisayar Yaz\u0131l\u0131m ve Donan\u0131m Hizmetleri\" \/>\n<meta property=\"article:modified_time\" content=\"2024-10-02T14:42:50+00:00\" \/>\n<meta property=\"og:image\" content=\"https:\/\/buqnet.com.tr\/wp-content\/uploads\/2024\/09\/Ag-Bakim-1024x313.jpg\" \/>\n<meta name=\"twitter:card\" content=\"summary_large_image\" \/>\n<meta name=\"twitter:label1\" content=\"Tahmini okuma s\u00fcresi\" \/>\n\t<meta name=\"twitter:data1\" content=\"2 dakika\" \/>\n<script type=\"application\/ld+json\" class=\"yoast-schema-graph\">{\"@context\":\"https:\\\/\\\/schema.org\",\"@graph\":[{\"@type\":\"WebPage\",\"@id\":\"https:\\\/\\\/buqnet.com.tr\\\/?page_id=596\",\"url\":\"https:\\\/\\\/buqnet.com.tr\\\/?page_id=596\",\"name\":\"A\u011f Bak\u0131m \\\/ Destek - 7\\\/24 Buqnet Bilgisayar Yaz\u0131l\u0131m ve Donan\u0131m Hizmetleri\",\"isPartOf\":{\"@id\":\"http:\\\/\\\/buqnet.com.tr\\\/#website\"},\"primaryImageOfPage\":{\"@id\":\"https:\\\/\\\/buqnet.com.tr\\\/?page_id=596#primaryimage\"},\"image\":{\"@id\":\"https:\\\/\\\/buqnet.com.tr\\\/?page_id=596#primaryimage\"},\"thumbnailUrl\":\"https:\\\/\\\/buqnet.com.tr\\\/wp-content\\\/uploads\\\/2024\\\/09\\\/Ag-Bakim-1024x313.jpg\",\"datePublished\":\"2024-09-29T13:47:47+00:00\",\"dateModified\":\"2024-10-02T14:42:50+00:00\",\"description\":\"Bilgisayar Dan\u0131\u015fmanl\u0131k, Kurumsal Bak\u0131m Anla\u015fmas\u0131, IT Destek Hizmetleri, Bili\u015fim Dan\u0131\u015fmanl\u0131k Hizmetleri, Bilgisayar Servisi, Server Bak\u0131m\",\"breadcrumb\":{\"@id\":\"https:\\\/\\\/buqnet.com.tr\\\/?page_id=596#breadcrumb\"},\"inLanguage\":\"tr\",\"potentialAction\":[{\"@type\":\"ReadAction\",\"target\":[\"https:\\\/\\\/buqnet.com.tr\\\/?page_id=596\"]}]},{\"@type\":\"ImageObject\",\"inLanguage\":\"tr\",\"@id\":\"https:\\\/\\\/buqnet.com.tr\\\/?page_id=596#primaryimage\",\"url\":\"https:\\\/\\\/buqnet.com.tr\\\/wp-content\\\/uploads\\\/2024\\\/09\\\/Ag-Bakim.jpg\",\"contentUrl\":\"https:\\\/\\\/buqnet.com.tr\\\/wp-content\\\/uploads\\\/2024\\\/09\\\/Ag-Bakim.jpg\",\"width\":1800,\"height\":550},{\"@type\":\"BreadcrumbList\",\"@id\":\"https:\\\/\\\/buqnet.com.tr\\\/?page_id=596#breadcrumb\",\"itemListElement\":[{\"@type\":\"ListItem\",\"position\":1,\"name\":\"Anasayfa\",\"item\":\"http:\\\/\\\/buqnet.com.tr\\\/\"},{\"@type\":\"ListItem\",\"position\":2,\"name\":\"A\u011f Bak\u0131m \\\/ Destek\"}]},{\"@type\":\"WebSite\",\"@id\":\"http:\\\/\\\/buqnet.com.tr\\\/#website\",\"url\":\"http:\\\/\\\/buqnet.com.tr\\\/\",\"name\":\"Buqnet Bilgisayar Sistem Teknolojileri\",\"description\":\"IT Dan\u0131\u015fmanl\u0131k Hizmetleri, Bilgisayar Dan\u0131\u015fmanl\u0131k, Bak\u0131m Anla\u015fmas\u0131, Bili\u015fim Dan\u0131\u015fmanl\u0131k Hizmetleri, Bilgisayar Servisi, Server Hizmeti\",\"potentialAction\":[{\"@type\":\"SearchAction\",\"target\":{\"@type\":\"EntryPoint\",\"urlTemplate\":\"http:\\\/\\\/buqnet.com.tr\\\/?s={search_term_string}\"},\"query-input\":{\"@type\":\"PropertyValueSpecification\",\"valueRequired\":true,\"valueName\":\"search_term_string\"}}],\"inLanguage\":\"tr\"}]}<\/script>\n<!-- \/ Yoast SEO plugin. -->","yoast_head_json":{"title":"A\u011f Bak\u0131m \/ Destek - 7\/24 Buqnet Bilgisayar Yaz\u0131l\u0131m ve Donan\u0131m Hizmetleri","description":"Bilgisayar Dan\u0131\u015fmanl\u0131k, Kurumsal Bak\u0131m Anla\u015fmas\u0131, IT Destek Hizmetleri, Bili\u015fim Dan\u0131\u015fmanl\u0131k Hizmetleri, Bilgisayar Servisi, Server Bak\u0131m","robots":{"index":"index","follow":"follow","max-snippet":"max-snippet:-1","max-image-preview":"max-image-preview:large","max-video-preview":"max-video-preview:-1"},"canonical":"https:\/\/buqnet.com.tr\/?page_id=596","og_locale":"tr_TR","og_type":"article","og_title":"A\u011f Bak\u0131m \/ Destek - 7\/24 Buqnet Bilgisayar Yaz\u0131l\u0131m ve Donan\u0131m Hizmetleri","og_description":"Bilgisayar Dan\u0131\u015fmanl\u0131k, Kurumsal Bak\u0131m Anla\u015fmas\u0131, IT Destek Hizmetleri, Bili\u015fim Dan\u0131\u015fmanl\u0131k Hizmetleri, Bilgisayar Servisi, Server Bak\u0131m","og_url":"https:\/\/buqnet.com.tr\/?page_id=596","og_site_name":"7\/24 Buqnet Bilgisayar Yaz\u0131l\u0131m ve Donan\u0131m Hizmetleri","article_modified_time":"2024-10-02T14:42:50+00:00","og_image":[{"url":"https:\/\/buqnet.com.tr\/wp-content\/uploads\/2024\/09\/Ag-Bakim-1024x313.jpg","type":"","width":"","height":""}],"twitter_card":"summary_large_image","twitter_misc":{"Tahmini okuma s\u00fcresi":"2 dakika"},"schema":{"@context":"https:\/\/schema.org","@graph":[{"@type":"WebPage","@id":"https:\/\/buqnet.com.tr\/?page_id=596","url":"https:\/\/buqnet.com.tr\/?page_id=596","name":"A\u011f Bak\u0131m \/ Destek - 7\/24 Buqnet Bilgisayar Yaz\u0131l\u0131m ve Donan\u0131m Hizmetleri","isPartOf":{"@id":"http:\/\/buqnet.com.tr\/#website"},"primaryImageOfPage":{"@id":"https:\/\/buqnet.com.tr\/?page_id=596#primaryimage"},"image":{"@id":"https:\/\/buqnet.com.tr\/?page_id=596#primaryimage"},"thumbnailUrl":"https:\/\/buqnet.com.tr\/wp-content\/uploads\/2024\/09\/Ag-Bakim-1024x313.jpg","datePublished":"2024-09-29T13:47:47+00:00","dateModified":"2024-10-02T14:42:50+00:00","description":"Bilgisayar Dan\u0131\u015fmanl\u0131k, Kurumsal Bak\u0131m Anla\u015fmas\u0131, IT Destek Hizmetleri, Bili\u015fim Dan\u0131\u015fmanl\u0131k Hizmetleri, Bilgisayar Servisi, Server Bak\u0131m","breadcrumb":{"@id":"https:\/\/buqnet.com.tr\/?page_id=596#breadcrumb"},"inLanguage":"tr","potentialAction":[{"@type":"ReadAction","target":["https:\/\/buqnet.com.tr\/?page_id=596"]}]},{"@type":"ImageObject","inLanguage":"tr","@id":"https:\/\/buqnet.com.tr\/?page_id=596#primaryimage","url":"https:\/\/buqnet.com.tr\/wp-content\/uploads\/2024\/09\/Ag-Bakim.jpg","contentUrl":"https:\/\/buqnet.com.tr\/wp-content\/uploads\/2024\/09\/Ag-Bakim.jpg","width":1800,"height":550},{"@type":"BreadcrumbList","@id":"https:\/\/buqnet.com.tr\/?page_id=596#breadcrumb","itemListElement":[{"@type":"ListItem","position":1,"name":"Anasayfa","item":"http:\/\/buqnet.com.tr\/"},{"@type":"ListItem","position":2,"name":"A\u011f Bak\u0131m \/ Destek"}]},{"@type":"WebSite","@id":"http:\/\/buqnet.com.tr\/#website","url":"http:\/\/buqnet.com.tr\/","name":"Buqnet Bilgisayar Sistem Teknolojileri","description":"IT Dan\u0131\u015fmanl\u0131k Hizmetleri, Bilgisayar Dan\u0131\u015fmanl\u0131k, Bak\u0131m Anla\u015fmas\u0131, Bili\u015fim Dan\u0131\u015fmanl\u0131k Hizmetleri, Bilgisayar Servisi, Server Hizmeti","potentialAction":[{"@type":"SearchAction","target":{"@type":"EntryPoint","urlTemplate":"http:\/\/buqnet.com.tr\/?s={search_term_string}"},"query-input":{"@type":"PropertyValueSpecification","valueRequired":true,"valueName":"search_term_string"}}],"inLanguage":"tr"}]}},"_links":{"self":[{"href":"https:\/\/buqnet.com.tr\/index.php?rest_route=\/wp\/v2\/pages\/596","targetHints":{"allow":["GET"]}}],"collection":[{"href":"https:\/\/buqnet.com.tr\/index.php?rest_route=\/wp\/v2\/pages"}],"about":[{"href":"https:\/\/buqnet.com.tr\/index.php?rest_route=\/wp\/v2\/types\/page"}],"author":[{"embeddable":true,"href":"https:\/\/buqnet.com.tr\/index.php?rest_route=\/wp\/v2\/users\/1"}],"replies":[{"embeddable":true,"href":"https:\/\/buqnet.com.tr\/index.php?rest_route=%2Fwp%2Fv2%2Fcomments&post=596"}],"version-history":[{"count":5,"href":"https:\/\/buqnet.com.tr\/index.php?rest_route=\/wp\/v2\/pages\/596\/revisions"}],"predecessor-version":[{"id":1013,"href":"https:\/\/buqnet.com.tr\/index.php?rest_route=\/wp\/v2\/pages\/596\/revisions\/1013"}],"wp:attachment":[{"href":"https:\/\/buqnet.com.tr\/index.php?rest_route=%2Fwp%2Fv2%2Fmedia&parent=596"}],"curies":[{"name":"wp","href":"https:\/\/api.w.org\/{rel}","templated":true}]}}