{"id":7744,"date":"2025-02-04T04:37:15","date_gmt":"2025-02-04T01:37:15","guid":{"rendered":"https:\/\/buqnet.com.tr\/?page_id=7744"},"modified":"2025-02-08T10:40:03","modified_gmt":"2025-02-08T07:40:03","slug":"it-destek-ve-bakim-hizmetleri","status":"publish","type":"page","link":"https:\/\/buqnet.com.tr\/?page_id=7744","title":{"rendered":"IT Destek ve Bak\u0131m Hizmet Paket Fiyatlar\u0131"},"content":{"rendered":"\n<p><strong>Buqnet<\/strong>&nbsp;olarak uzman bilgi teknolojileri kadromuz ile i\u015fletmelere \u00f6zel&nbsp;<strong>IT Destek Hizmetleri&nbsp;sunuyoruz.<\/strong>&nbsp;\u0130\u015fletmelerin ihtiya\u00e7lar\u0131na uygun&nbsp;<strong>3 paket<\/strong>&nbsp;olu\u015fturduk. IT Deste\u011fi hizmeti a\u015fa\u011f\u0131daki \u00f6zelliklere sahiptir<\/p>\n\n\n\n<ul class=\"wp-block-list\">\n<li>1 y\u0131l boyunca sabit fiyat garantisi,<\/li>\n\n\n\n<li>En fazla 4 saat i\u00e7inde destek,<\/li>\n\n\n\n<li>Yaz\u0131l\u0131m, kurulum ve konfig\u00fcrasyonu,<\/li>\n\n\n\n<li>Temel a\u011f ve bilgi sistem dan\u0131\u015fmanl\u0131\u011f\u0131.<\/li>\n<\/ul>\n\n\n\n<figure class=\"wp-block-table\"><table class=\"has-fixed-layout\"><tbody><tr><td><strong>Small<\/strong><br><s>29.700 TL \/Ay<\/s><br>24.600 TL\/Ay<br><em><sub>Kdv Dahil De\u011fildir.<\/sub><\/em><\/td><td><strong>Medium<\/strong><br><s>46.900 TL\/Ay<\/s><br>39.600 TL\/Ay<br><em><sub>Kdv Dahil De\u011fildir.<\/sub><\/em><\/td><td><strong>Large<\/strong><br><s>63.700 TL\/Ay<\/s><br>51.600 TL\/Ay<br><em><sub>Kdv Dahil De\u011fildir.<\/sub><\/em><\/td><td><strong>Size \u00d6zel<\/strong><\/td><\/tr><tr><td><strong>4 haftada<\/strong>&nbsp;1 g\u00fcn ziyaret<br>Uzaktan \u00e7a\u011fr\u0131 deste\u011fi &#8220;3 Saat&#8221;<br>4 saat i\u00e7inde m\u00fcdahale<\/td><td><strong>2 haftada 1<\/strong>&nbsp;g\u00fcn ziyaret<br>Uzaktan \u00e7a\u011fr\u0131 deste\u011fi &#8220;6 Saat&#8221;<br>2 saat i\u00e7inde m\u00fcdahale<\/td><td><strong>Her hafta<\/strong>&nbsp;1 g\u00fcn ziyaret<br>Uzaktan \u00e7a\u011fr\u0131 deste\u011fi &#8220;14 Saat&#8221;<br>2 saat i\u00e7inde m\u00fcdahale<\/td><td>\u0130htiya\u00e7lar\u0131n\u0131za<br>uygun IT hizmetleri<\/td><\/tr><\/tbody><\/table><figcaption class=\"wp-element-caption\"><strong>E\u011fer, bu paketler ihtiya\u00e7lar\u0131n\u0131 kar\u015f\u0131lamaz ise size \u00f6zel paket ve \u00e7\u00f6z\u00fcmler de sunabiliyoruz.&nbsp;<\/strong><\/figcaption><\/figure>\n\n\n\n<p><strong>\u0130lave ziyaret :<\/strong>&nbsp;12000 TL\/g\u00fcn (Ziyaret 120 Dakika)<\/p>\n\n\n\n<p><strong>\u0130lave uzaktan \u00e7a\u011fr\u0131 deste\u011fi :<\/strong>&nbsp;5000 TL\/2 adet (\u00c7a\u011fr\u0131 Ba\u015f\u0131 30 Dakika)<\/p>\n\n\n\n<p><strong>Neleri Kapsar?<\/strong><\/p>\n\n\n\n<h4 class=\"wp-block-heading\">Uzaktan ve Yerinde Bilgisayar Deste\u011fi<\/h4>\n\n\n\n<p>\u00c7al\u0131\u015fanlar\u0131n\u0131z\u0131n bilgisayar\u0131nda meydana gelen sorunlar\u0131 uzaktan ba\u011flanarak veya gerekirse yerinde \u00e7\u00f6z\u00fcyoruz.<\/p>\n\n\n\n<h4 class=\"wp-block-heading\">Yaz\u0131l\u0131m Kurulum ve Konfig\u00fcrasyonu<\/h4>\n\n\n\n<p>\u015eirketinize lisansl\u0131 ofis yaz\u0131l\u0131mlar\u0131n\u0131 istedi\u011finiz konfig\u00fcrasyonda kuruyor ve sorunsuz teslim ediyoruz.<\/p>\n\n\n\n<h4 class=\"wp-block-heading\">Temel A\u011f ve \u0130nternet Deste\u011fi<\/h4>\n\n\n\n<p>\u0130\u015fletmenizdeki \u0130nternet altyap\u0131s\u0131ndaki cihazlara temel d\u00fczeyde destek oluyor ve iyile\u015ftirme \u00f6nerileri sunuyoruz.<\/p>\n\n\n\n<h4 class=\"wp-block-heading\">Temel Bilgi Sistem Dan\u0131\u015fmanl\u0131\u011f\u0131<\/h4>\n\n\n\n<p>Bilgi sistemlerine y\u00f6nelik her t\u00fcrl\u00fc sorununuza ili\u015fkin \u00f6n inceleme yap\u0131p, karar a\u015famas\u0131nda sizlere dan\u0131\u015fmanl\u0131k sa\u011fl\u0131yoruz.<\/p>\n\n\n\n<p><\/p>\n","protected":false},"excerpt":{"rendered":"<p>Buqnet&nbsp;olarak uzman bilgi teknolojileri kadromuz ile i\u015fletmelere \u00f6zel&nbsp;IT Destek Hizmetleri&nbsp;sunuyoruz.&nbsp;\u0130\u015fletmelerin ihtiya\u00e7lar\u0131na uygun&nbsp;3 paket&nbsp;olu\u015fturduk. IT Deste\u011fi hizmeti a\u015fa\u011f\u0131daki \u00f6zelliklere sahiptir Small29.700 TL \/Ay24.600 TL\/AyKdv Dahil De\u011fildir. Medium46.900 TL\/Ay39.600 TL\/AyKdv Dahil De\u011fildir. Large63.700 TL\/Ay51.600 TL\/AyKdv Dahil De\u011fildir. Size \u00d6zel 4 haftada&nbsp;1 g\u00fcn ziyaretUzaktan \u00e7a\u011fr\u0131 deste\u011fi &#8220;3 Saat&#8221;4 saat i\u00e7inde m\u00fcdahale 2 haftada 1&nbsp;g\u00fcn ziyaretUzaktan \u00e7a\u011fr\u0131 deste\u011fi &#8220;6 [&hellip;]<\/p>\n","protected":false},"author":1,"featured_media":0,"parent":0,"menu_order":0,"comment_status":"closed","ping_status":"closed","template":"","meta":{"footnotes":""},"class_list":["post-7744","page","type-page","status-publish","hentry"],"yoast_head":"<!-- This site is optimized with the Yoast SEO plugin v27.6 - https:\/\/yoast.com\/product\/yoast-seo-wordpress\/ -->\n<title>IT Destek ve Bak\u0131m Hizmet Paket Fiyatlar\u0131 - 7\/24 Buqnet Bilgisayar Yaz\u0131l\u0131m ve Donan\u0131m Hizmetleri<\/title>\n<meta name=\"description\" content=\"IT Dan\u0131\u015fmanl\u0131k Hizmetleri, Bilgisayar Dan\u0131\u015fmanl\u0131k, Bak\u0131m Anla\u015fmas\u0131, Bili\u015fim Dan\u0131\u015fmanl\u0131k Hizmetleri, Bilgisayar Servisi, Server Hizmeti\" \/>\n<meta name=\"robots\" content=\"index, follow, max-snippet:-1, max-image-preview:large, max-video-preview:-1\" \/>\n<link rel=\"canonical\" href=\"https:\/\/buqnet.com.tr\/?page_id=7744\" \/>\n<meta property=\"og:locale\" content=\"tr_TR\" \/>\n<meta property=\"og:type\" content=\"article\" \/>\n<meta property=\"og:title\" content=\"IT Destek ve Bak\u0131m Hizmet Paket Fiyatlar\u0131 - 7\/24 Buqnet Bilgisayar Yaz\u0131l\u0131m ve Donan\u0131m Hizmetleri\" \/>\n<meta property=\"og:description\" content=\"IT Dan\u0131\u015fmanl\u0131k Hizmetleri, Bilgisayar Dan\u0131\u015fmanl\u0131k, Bak\u0131m Anla\u015fmas\u0131, Bili\u015fim Dan\u0131\u015fmanl\u0131k Hizmetleri, Bilgisayar Servisi, Server Hizmeti\" \/>\n<meta property=\"og:url\" content=\"https:\/\/buqnet.com.tr\/?page_id=7744\" \/>\n<meta property=\"og:site_name\" content=\"7\/24 Buqnet Bilgisayar Yaz\u0131l\u0131m ve Donan\u0131m Hizmetleri\" \/>\n<meta property=\"article:modified_time\" content=\"2025-02-08T07:40:03+00:00\" \/>\n<meta name=\"twitter:card\" content=\"summary_large_image\" \/>\n<meta name=\"twitter:label1\" content=\"Tahmini okuma s\u00fcresi\" \/>\n\t<meta name=\"twitter:data1\" content=\"2 dakika\" \/>\n<script type=\"application\/ld+json\" class=\"yoast-schema-graph\">{\"@context\":\"https:\\\/\\\/schema.org\",\"@graph\":[{\"@type\":\"WebPage\",\"@id\":\"https:\\\/\\\/buqnet.com.tr\\\/?page_id=7744\",\"url\":\"https:\\\/\\\/buqnet.com.tr\\\/?page_id=7744\",\"name\":\"IT Destek ve Bak\u0131m Hizmet Paket Fiyatlar\u0131 - 7\\\/24 Buqnet Bilgisayar Yaz\u0131l\u0131m ve Donan\u0131m Hizmetleri\",\"isPartOf\":{\"@id\":\"http:\\\/\\\/buqnet.com.tr\\\/#website\"},\"datePublished\":\"2025-02-04T01:37:15+00:00\",\"dateModified\":\"2025-02-08T07:40:03+00:00\",\"description\":\"IT Dan\u0131\u015fmanl\u0131k Hizmetleri, Bilgisayar Dan\u0131\u015fmanl\u0131k, Bak\u0131m Anla\u015fmas\u0131, Bili\u015fim Dan\u0131\u015fmanl\u0131k Hizmetleri, Bilgisayar Servisi, Server Hizmeti\",\"breadcrumb\":{\"@id\":\"https:\\\/\\\/buqnet.com.tr\\\/?page_id=7744#breadcrumb\"},\"inLanguage\":\"tr\",\"potentialAction\":[{\"@type\":\"ReadAction\",\"target\":[\"https:\\\/\\\/buqnet.com.tr\\\/?page_id=7744\"]}]},{\"@type\":\"BreadcrumbList\",\"@id\":\"https:\\\/\\\/buqnet.com.tr\\\/?page_id=7744#breadcrumb\",\"itemListElement\":[{\"@type\":\"ListItem\",\"position\":1,\"name\":\"Anasayfa\",\"item\":\"http:\\\/\\\/buqnet.com.tr\\\/\"},{\"@type\":\"ListItem\",\"position\":2,\"name\":\"IT Destek ve Bak\u0131m Hizmet Paket Fiyatlar\u0131\"}]},{\"@type\":\"WebSite\",\"@id\":\"http:\\\/\\\/buqnet.com.tr\\\/#website\",\"url\":\"http:\\\/\\\/buqnet.com.tr\\\/\",\"name\":\"Buqnet Bilgisayar Sistem Teknolojileri\",\"description\":\"IT Dan\u0131\u015fmanl\u0131k Hizmetleri, Bilgisayar Dan\u0131\u015fmanl\u0131k, Bak\u0131m Anla\u015fmas\u0131, Bili\u015fim Dan\u0131\u015fmanl\u0131k Hizmetleri, Bilgisayar Servisi, Server Hizmeti\",\"potentialAction\":[{\"@type\":\"SearchAction\",\"target\":{\"@type\":\"EntryPoint\",\"urlTemplate\":\"http:\\\/\\\/buqnet.com.tr\\\/?s={search_term_string}\"},\"query-input\":{\"@type\":\"PropertyValueSpecification\",\"valueRequired\":true,\"valueName\":\"search_term_string\"}}],\"inLanguage\":\"tr\"}]}<\/script>\n<!-- \/ Yoast SEO plugin. -->","yoast_head_json":{"title":"IT Destek ve Bak\u0131m Hizmet Paket Fiyatlar\u0131 - 7\/24 Buqnet Bilgisayar Yaz\u0131l\u0131m ve Donan\u0131m Hizmetleri","description":"IT Dan\u0131\u015fmanl\u0131k Hizmetleri, Bilgisayar Dan\u0131\u015fmanl\u0131k, Bak\u0131m Anla\u015fmas\u0131, Bili\u015fim Dan\u0131\u015fmanl\u0131k Hizmetleri, Bilgisayar Servisi, Server Hizmeti","robots":{"index":"index","follow":"follow","max-snippet":"max-snippet:-1","max-image-preview":"max-image-preview:large","max-video-preview":"max-video-preview:-1"},"canonical":"https:\/\/buqnet.com.tr\/?page_id=7744","og_locale":"tr_TR","og_type":"article","og_title":"IT Destek ve Bak\u0131m Hizmet Paket Fiyatlar\u0131 - 7\/24 Buqnet Bilgisayar Yaz\u0131l\u0131m ve Donan\u0131m Hizmetleri","og_description":"IT Dan\u0131\u015fmanl\u0131k Hizmetleri, Bilgisayar Dan\u0131\u015fmanl\u0131k, Bak\u0131m Anla\u015fmas\u0131, Bili\u015fim Dan\u0131\u015fmanl\u0131k Hizmetleri, Bilgisayar Servisi, Server Hizmeti","og_url":"https:\/\/buqnet.com.tr\/?page_id=7744","og_site_name":"7\/24 Buqnet Bilgisayar Yaz\u0131l\u0131m ve Donan\u0131m Hizmetleri","article_modified_time":"2025-02-08T07:40:03+00:00","twitter_card":"summary_large_image","twitter_misc":{"Tahmini okuma s\u00fcresi":"2 dakika"},"schema":{"@context":"https:\/\/schema.org","@graph":[{"@type":"WebPage","@id":"https:\/\/buqnet.com.tr\/?page_id=7744","url":"https:\/\/buqnet.com.tr\/?page_id=7744","name":"IT Destek ve Bak\u0131m Hizmet Paket Fiyatlar\u0131 - 7\/24 Buqnet Bilgisayar Yaz\u0131l\u0131m ve Donan\u0131m Hizmetleri","isPartOf":{"@id":"http:\/\/buqnet.com.tr\/#website"},"datePublished":"2025-02-04T01:37:15+00:00","dateModified":"2025-02-08T07:40:03+00:00","description":"IT Dan\u0131\u015fmanl\u0131k Hizmetleri, Bilgisayar Dan\u0131\u015fmanl\u0131k, Bak\u0131m Anla\u015fmas\u0131, Bili\u015fim Dan\u0131\u015fmanl\u0131k Hizmetleri, Bilgisayar Servisi, Server Hizmeti","breadcrumb":{"@id":"https:\/\/buqnet.com.tr\/?page_id=7744#breadcrumb"},"inLanguage":"tr","potentialAction":[{"@type":"ReadAction","target":["https:\/\/buqnet.com.tr\/?page_id=7744"]}]},{"@type":"BreadcrumbList","@id":"https:\/\/buqnet.com.tr\/?page_id=7744#breadcrumb","itemListElement":[{"@type":"ListItem","position":1,"name":"Anasayfa","item":"http:\/\/buqnet.com.tr\/"},{"@type":"ListItem","position":2,"name":"IT Destek ve Bak\u0131m Hizmet Paket Fiyatlar\u0131"}]},{"@type":"WebSite","@id":"http:\/\/buqnet.com.tr\/#website","url":"http:\/\/buqnet.com.tr\/","name":"Buqnet Bilgisayar Sistem Teknolojileri","description":"IT Dan\u0131\u015fmanl\u0131k Hizmetleri, Bilgisayar Dan\u0131\u015fmanl\u0131k, Bak\u0131m Anla\u015fmas\u0131, Bili\u015fim Dan\u0131\u015fmanl\u0131k Hizmetleri, Bilgisayar Servisi, Server Hizmeti","potentialAction":[{"@type":"SearchAction","target":{"@type":"EntryPoint","urlTemplate":"http:\/\/buqnet.com.tr\/?s={search_term_string}"},"query-input":{"@type":"PropertyValueSpecification","valueRequired":true,"valueName":"search_term_string"}}],"inLanguage":"tr"}]}},"_links":{"self":[{"href":"https:\/\/buqnet.com.tr\/index.php?rest_route=\/wp\/v2\/pages\/7744","targetHints":{"allow":["GET"]}}],"collection":[{"href":"https:\/\/buqnet.com.tr\/index.php?rest_route=\/wp\/v2\/pages"}],"about":[{"href":"https:\/\/buqnet.com.tr\/index.php?rest_route=\/wp\/v2\/types\/page"}],"author":[{"embeddable":true,"href":"https:\/\/buqnet.com.tr\/index.php?rest_route=\/wp\/v2\/users\/1"}],"replies":[{"embeddable":true,"href":"https:\/\/buqnet.com.tr\/index.php?rest_route=%2Fwp%2Fv2%2Fcomments&post=7744"}],"version-history":[{"count":18,"href":"https:\/\/buqnet.com.tr\/index.php?rest_route=\/wp\/v2\/pages\/7744\/revisions"}],"predecessor-version":[{"id":7771,"href":"https:\/\/buqnet.com.tr\/index.php?rest_route=\/wp\/v2\/pages\/7744\/revisions\/7771"}],"wp:attachment":[{"href":"https:\/\/buqnet.com.tr\/index.php?rest_route=%2Fwp%2Fv2%2Fmedia&parent=7744"}],"curies":[{"name":"wp","href":"https:\/\/api.w.org\/{rel}","templated":true}]}}